{"id":22592,"date":"2025-10-07T11:57:54","date_gmt":"2025-10-07T08:57:54","guid":{"rendered":"https:\/\/shop.ltu.basketball\/?post_type=product&#038;p=22592"},"modified":"2025-11-24T22:09:33","modified_gmt":"2025-11-24T20:09:33","slug":"nike-backpack-utility-elite-ltu-kopija","status":"publish","type":"product","link":"https:\/\/shop.ltu.basketball\/en\/produktas\/nike-backpack-utility-elite-ltu-kopija\/","title":{"rendered":"Nike Backpack VARSITY Elite Lithuania"},"content":{"rendered":"<p><strong>\u201cVarsity Elite\u201d basketball backpack.<\/strong> The large main compartment fits a full-size ball. The front external pocket is designed for small items, while the bottom compartment allows you to separate sweaty clothes and dirty shoes. The backpack also features a handle that lets you attach it to your suitcase during travel.<\/p>\n<p><strong>Features: <\/strong><\/p>\n<ul>\n<li>Shoulder straps with Air Max technology for added comfort.<\/li>\n<li>Top zip pocket with a soft lining for valuables and electronics.<\/li>\n<li>Internal laptop sleeve that fits up to a 16-inch computer.<\/li>\n<li>30 cm plo\u010dio x 48 cm auk\u0161\u010dio x 23 cm gylio<\/li>\n<li>Expandable side pocket<\/li>\n<li>Material: 100% polyester<\/li>\n<li>Clean with a damp cloth only<\/li>\n<\/ul>\n","protected":false},"excerpt":{"rendered":"<p>\u201cVarsity Elite\u201d basketball backpack. The large main compartment fits a full-size ball. The front external pocket is designed for small items, while the bottom compartment allows you to separate sweaty clothes and dirty shoes. The backpack also features a handle that lets you attach it to your suitcase during travel. Features: Shoulder straps with Air [&#8230;]\n","protected":false},"featured_media":22594,"template":"","meta":{"_themeisle_gutenberg_block_has_review":false},"product_brand":[],"product_cat":[610,677],"product_tag":[],"class_list":{"0":"post-22592","1":"product","2":"type-product","3":"status-publish","4":"has-post-thumbnail","6":"product_cat-accessories","7":"product_cat-backpacks-and-bags","9":"first","10":"outofstock","11":"taxable","12":"shipping-taxable","13":"purchasable","14":"product-type-simple"},"yoast_head":"<!-- This site is optimized with the Yoast SEO plugin v26.9 - https:\/\/yoast.com\/product\/yoast-seo-wordpress\/ -->\n<title>Nike Backpack VARSITY Elite Lithuania - SHOP.LTU.BASKETBALL<\/title>\n<meta name=\"robots\" content=\"index, follow, max-snippet:-1, max-image-preview:large, max-video-preview:-1\" \/>\n<link rel=\"canonical\" href=\"https:\/\/shop.ltu.basketball\/en\/produktas\/nike-backpack-utility-elite-ltu-kopija\/\" \/>\n<meta property=\"og:locale\" content=\"en_US\" \/>\n<meta property=\"og:type\" content=\"article\" \/>\n<meta property=\"og:title\" content=\"Nike Backpack VARSITY Elite Lithuania - SHOP.LTU.BASKETBALL\" \/>\n<meta property=\"og:description\" content=\"\u201cVarsity Elite\u201d basketball backpack. The large main compartment fits a full-size ball. The front external pocket is designed for small items, while the bottom compartment allows you to separate sweaty clothes and dirty shoes. The backpack also features a handle that lets you attach it to your suitcase during travel. Features: Shoulder straps with Air [...]\" \/>\n<meta property=\"og:url\" content=\"https:\/\/shop.ltu.basketball\/en\/produktas\/nike-backpack-utility-elite-ltu-kopija\/\" \/>\n<meta property=\"og:site_name\" content=\"SHOP.LTU.BASKETBALL\" \/>\n<meta property=\"article:modified_time\" content=\"2025-11-24T20:09:33+00:00\" \/>\n<meta property=\"og:image\" content=\"https:\/\/shop.ltu.basketball\/wp-content\/uploads\/2025\/10\/Elite1.jpg\" \/>\n\t<meta property=\"og:image:width\" content=\"1500\" \/>\n\t<meta property=\"og:image:height\" content=\"1500\" \/>\n\t<meta property=\"og:image:type\" content=\"image\/jpeg\" \/>\n<meta name=\"twitter:card\" content=\"summary_large_image\" \/>\n<meta name=\"twitter:label1\" content=\"Est. reading time\" \/>\n\t<meta name=\"twitter:data1\" content=\"1 minute\" \/>\n<script type=\"application\/ld+json\" class=\"yoast-schema-graph\">{\"@context\":\"https:\/\/schema.org\",\"@graph\":[{\"@type\":\"WebPage\",\"@id\":\"https:\/\/shop.ltu.basketball\/en\/produktas\/nike-backpack-utility-elite-ltu-kopija\/\",\"url\":\"https:\/\/shop.ltu.basketball\/en\/produktas\/nike-backpack-utility-elite-ltu-kopija\/\",\"name\":\"Nike Backpack VARSITY Elite Lithuania - SHOP.LTU.BASKETBALL\",\"isPartOf\":{\"@id\":\"https:\/\/shop.ltu.basketball\/en\/#website\"},\"primaryImageOfPage\":{\"@id\":\"https:\/\/shop.ltu.basketball\/en\/produktas\/nike-backpack-utility-elite-ltu-kopija\/#primaryimage\"},\"image\":{\"@id\":\"https:\/\/shop.ltu.basketball\/en\/produktas\/nike-backpack-utility-elite-ltu-kopija\/#primaryimage\"},\"thumbnailUrl\":\"https:\/\/shop.ltu.basketball\/wp-content\/uploads\/2025\/10\/Elite1.jpg\",\"datePublished\":\"2025-10-07T08:57:54+00:00\",\"dateModified\":\"2025-11-24T20:09:33+00:00\",\"breadcrumb\":{\"@id\":\"https:\/\/shop.ltu.basketball\/en\/produktas\/nike-backpack-utility-elite-ltu-kopija\/#breadcrumb\"},\"inLanguage\":\"en-US\",\"potentialAction\":[{\"@type\":\"ReadAction\",\"target\":[\"https:\/\/shop.ltu.basketball\/en\/produktas\/nike-backpack-utility-elite-ltu-kopija\/\"]}]},{\"@type\":\"ImageObject\",\"inLanguage\":\"en-US\",\"@id\":\"https:\/\/shop.ltu.basketball\/en\/produktas\/nike-backpack-utility-elite-ltu-kopija\/#primaryimage\",\"url\":\"https:\/\/shop.ltu.basketball\/wp-content\/uploads\/2025\/10\/Elite1.jpg\",\"contentUrl\":\"https:\/\/shop.ltu.basketball\/wp-content\/uploads\/2025\/10\/Elite1.jpg\",\"width\":1500,\"height\":1500},{\"@type\":\"BreadcrumbList\",\"@id\":\"https:\/\/shop.ltu.basketball\/en\/produktas\/nike-backpack-utility-elite-ltu-kopija\/#breadcrumb\",\"itemListElement\":[{\"@type\":\"ListItem\",\"position\":1,\"name\":\"Home\",\"item\":\"https:\/\/shop.ltu.basketball\/en\/pagrindinis\/\"},{\"@type\":\"ListItem\",\"position\":2,\"name\":\"Parduotuv\u0117\",\"item\":\"https:\/\/shop.ltu.basketball\/parduotuve\/\"},{\"@type\":\"ListItem\",\"position\":3,\"name\":\"Nike Backpack VARSITY Elite Lithuania\"}]},{\"@type\":\"WebSite\",\"@id\":\"https:\/\/shop.ltu.basketball\/en\/#website\",\"url\":\"https:\/\/shop.ltu.basketball\/en\/\",\"name\":\"SHOP.LTU.BASKETBALL\",\"description\":\"Oficiali Lietuvos krep\u0161inio rinktin\u0117s atributika\",\"potentialAction\":[{\"@type\":\"SearchAction\",\"target\":{\"@type\":\"EntryPoint\",\"urlTemplate\":\"https:\/\/shop.ltu.basketball\/en\/?s={search_term_string}\"},\"query-input\":{\"@type\":\"PropertyValueSpecification\",\"valueRequired\":true,\"valueName\":\"search_term_string\"}}],\"inLanguage\":\"en-US\"}]}<\/script>\n<!-- \/ Yoast SEO plugin. -->","yoast_head_json":{"title":"Nike Backpack VARSITY Elite Lithuania - SHOP.LTU.BASKETBALL","robots":{"index":"index","follow":"follow","max-snippet":"max-snippet:-1","max-image-preview":"max-image-preview:large","max-video-preview":"max-video-preview:-1"},"canonical":"https:\/\/shop.ltu.basketball\/en\/produktas\/nike-backpack-utility-elite-ltu-kopija\/","og_locale":"en_US","og_type":"article","og_title":"Nike Backpack VARSITY Elite Lithuania - SHOP.LTU.BASKETBALL","og_description":"\u201cVarsity Elite\u201d basketball backpack. The large main compartment fits a full-size ball. The front external pocket is designed for small items, while the bottom compartment allows you to separate sweaty clothes and dirty shoes. The backpack also features a handle that lets you attach it to your suitcase during travel. Features: Shoulder straps with Air [...]","og_url":"https:\/\/shop.ltu.basketball\/en\/produktas\/nike-backpack-utility-elite-ltu-kopija\/","og_site_name":"SHOP.LTU.BASKETBALL","article_modified_time":"2025-11-24T20:09:33+00:00","og_image":[{"width":1500,"height":1500,"url":"https:\/\/shop.ltu.basketball\/wp-content\/uploads\/2025\/10\/Elite1.jpg","type":"image\/jpeg"}],"twitter_card":"summary_large_image","twitter_misc":{"Est. reading time":"1 minute"},"schema":{"@context":"https:\/\/schema.org","@graph":[{"@type":"WebPage","@id":"https:\/\/shop.ltu.basketball\/en\/produktas\/nike-backpack-utility-elite-ltu-kopija\/","url":"https:\/\/shop.ltu.basketball\/en\/produktas\/nike-backpack-utility-elite-ltu-kopija\/","name":"Nike Backpack VARSITY Elite Lithuania - SHOP.LTU.BASKETBALL","isPartOf":{"@id":"https:\/\/shop.ltu.basketball\/en\/#website"},"primaryImageOfPage":{"@id":"https:\/\/shop.ltu.basketball\/en\/produktas\/nike-backpack-utility-elite-ltu-kopija\/#primaryimage"},"image":{"@id":"https:\/\/shop.ltu.basketball\/en\/produktas\/nike-backpack-utility-elite-ltu-kopija\/#primaryimage"},"thumbnailUrl":"https:\/\/shop.ltu.basketball\/wp-content\/uploads\/2025\/10\/Elite1.jpg","datePublished":"2025-10-07T08:57:54+00:00","dateModified":"2025-11-24T20:09:33+00:00","breadcrumb":{"@id":"https:\/\/shop.ltu.basketball\/en\/produktas\/nike-backpack-utility-elite-ltu-kopija\/#breadcrumb"},"inLanguage":"en-US","potentialAction":[{"@type":"ReadAction","target":["https:\/\/shop.ltu.basketball\/en\/produktas\/nike-backpack-utility-elite-ltu-kopija\/"]}]},{"@type":"ImageObject","inLanguage":"en-US","@id":"https:\/\/shop.ltu.basketball\/en\/produktas\/nike-backpack-utility-elite-ltu-kopija\/#primaryimage","url":"https:\/\/shop.ltu.basketball\/wp-content\/uploads\/2025\/10\/Elite1.jpg","contentUrl":"https:\/\/shop.ltu.basketball\/wp-content\/uploads\/2025\/10\/Elite1.jpg","width":1500,"height":1500},{"@type":"BreadcrumbList","@id":"https:\/\/shop.ltu.basketball\/en\/produktas\/nike-backpack-utility-elite-ltu-kopija\/#breadcrumb","itemListElement":[{"@type":"ListItem","position":1,"name":"Home","item":"https:\/\/shop.ltu.basketball\/en\/pagrindinis\/"},{"@type":"ListItem","position":2,"name":"Parduotuv\u0117","item":"https:\/\/shop.ltu.basketball\/parduotuve\/"},{"@type":"ListItem","position":3,"name":"Nike Backpack VARSITY Elite Lithuania"}]},{"@type":"WebSite","@id":"https:\/\/shop.ltu.basketball\/en\/#website","url":"https:\/\/shop.ltu.basketball\/en\/","name":"SHOP.LTU.BASKETBALL","description":"Oficiali Lietuvos krep\u0161inio rinktin\u0117s atributika","potentialAction":[{"@type":"SearchAction","target":{"@type":"EntryPoint","urlTemplate":"https:\/\/shop.ltu.basketball\/en\/?s={search_term_string}"},"query-input":{"@type":"PropertyValueSpecification","valueRequired":true,"valueName":"search_term_string"}}],"inLanguage":"en-US"}]}},"wcpa_form_fields":null,"_links":{"self":[{"href":"https:\/\/shop.ltu.basketball\/en\/wp-json\/wp\/v2\/product\/22592","targetHints":{"allow":["GET"]}}],"collection":[{"href":"https:\/\/shop.ltu.basketball\/en\/wp-json\/wp\/v2\/product"}],"about":[{"href":"https:\/\/shop.ltu.basketball\/en\/wp-json\/wp\/v2\/types\/product"}],"wp:featuredmedia":[{"embeddable":true,"href":"https:\/\/shop.ltu.basketball\/en\/wp-json\/wp\/v2\/media\/22594"}],"wp:attachment":[{"href":"https:\/\/shop.ltu.basketball\/en\/wp-json\/wp\/v2\/media?parent=22592"}],"wp:term":[{"taxonomy":"product_brand","embeddable":true,"href":"https:\/\/shop.ltu.basketball\/en\/wp-json\/wp\/v2\/product_brand?post=22592"},{"taxonomy":"product_cat","embeddable":true,"href":"https:\/\/shop.ltu.basketball\/en\/wp-json\/wp\/v2\/product_cat?post=22592"},{"taxonomy":"product_tag","embeddable":true,"href":"https:\/\/shop.ltu.basketball\/en\/wp-json\/wp\/v2\/product_tag?post=22592"}],"curies":[{"name":"wp","href":"https:\/\/api.w.org\/{rel}","templated":true}]}}