{"id":18947,"date":"2024-08-10T15:33:21","date_gmt":"2024-08-10T12:33:21","guid":{"rendered":"https:\/\/shop.ltu.basketball\/produktas\/green-nike-shorts-lietuva\/"},"modified":"2025-09-03T10:32:58","modified_gmt":"2025-09-03T07:32:58","slug":"green-nike-shorts-lietuva","status":"publish","type":"product","link":"https:\/\/shop.ltu.basketball\/en\/produktas\/green-nike-shorts-lietuva\/","title":{"rendered":"Green Nike shorts LIETUVA"},"content":{"rendered":"<p>These Nike game shorts are a part of the official uniform of the Lithuanian national basketball team. They come in green with yellow and red side stripes, representing the colors of the Lithuanian flag. The Nike logo appears on the left leg, adding a modern and stylish touch. In the center, there&#8217;s a yellow patch with a stylized &#8220;LTU&#8221; inscription. Made from high-quality, breathable material, these shorts ensure comfort and freedom of movement on the court. They are a perfect choice for those who want to feel comfortable while proudly representing the national spirit through sport.     <\/p>\n<p>Features:<\/p>\n<ul>\n<li>Color: Green;<\/li>\n<li>Material: 100% polyester;<\/li>\n<li>Pockets: Two, open (non-secure)<\/li>\n<li>Print: &#8220;Nike&#8221; logo<\/li>\n<li>Style: Modern, suitable for both daily wear and sports<\/li>\n<li>Made in Thailand<\/li>\n<\/ul>\n","protected":false},"excerpt":{"rendered":"<p>These Nike game shorts are a part of the official uniform of the Lithuanian national basketball team. They come in green with yellow and red side stripes, representing the colors of the Lithuanian flag. The Nike logo appears on the left leg, adding a modern and stylish touch. In the center, there&#8217;s a yellow patch [&#8230;]\n","protected":false},"featured_media":15697,"template":"","meta":{"_themeisle_gutenberg_block_has_review":false},"product_brand":[],"product_cat":[621,623],"product_tag":[],"class_list":{"0":"post-18947","1":"product","2":"type-product","3":"status-publish","4":"has-post-thumbnail","6":"product_cat-clothing","7":"product_cat-pants-shorts","8":"pa_dydis-2xl","9":"pa_dydis-3xl","10":"pa_dydis-l","11":"pa_dydis-m","12":"pa_dydis-s","13":"pa_dydis-xl","14":"pa_lytis-men","16":"first","17":"instock","18":"sale","19":"taxable","20":"shipping-taxable","21":"purchasable","22":"product-type-variable"},"yoast_head":"<!-- This site is optimized with the Yoast SEO plugin v27.3 - https:\/\/yoast.com\/product\/yoast-seo-wordpress\/ -->\n<title>Green Nike shorts LIETUVA - SHOP.LTU.BASKETBALL<\/title>\n<meta name=\"robots\" content=\"index, follow, max-snippet:-1, max-image-preview:large, max-video-preview:-1\" \/>\n<link rel=\"canonical\" href=\"https:\/\/shop.ltu.basketball\/en\/produktas\/green-nike-shorts-lietuva\/\" \/>\n<meta property=\"og:locale\" content=\"en_US\" \/>\n<meta property=\"og:type\" content=\"article\" \/>\n<meta property=\"og:title\" content=\"Green Nike shorts LIETUVA - SHOP.LTU.BASKETBALL\" \/>\n<meta property=\"og:description\" content=\"These Nike game shorts are a part of the official uniform of the Lithuanian national basketball team. They come in green with yellow and red side stripes, representing the colors of the Lithuanian flag. The Nike logo appears on the left leg, adding a modern and stylish touch. In the center, there&#8217;s a yellow patch [...]\" \/>\n<meta property=\"og:url\" content=\"https:\/\/shop.ltu.basketball\/en\/produktas\/green-nike-shorts-lietuva\/\" \/>\n<meta property=\"og:site_name\" content=\"SHOP.LTU.BASKETBALL\" \/>\n<meta property=\"article:modified_time\" content=\"2025-09-03T07:32:58+00:00\" \/>\n<meta property=\"og:image\" content=\"https:\/\/shop.ltu.basketball\/wp-content\/uploads\/2024\/08\/nike-sortai.jpg\" \/>\n\t<meta property=\"og:image:width\" content=\"1500\" \/>\n\t<meta property=\"og:image:height\" content=\"1500\" \/>\n\t<meta property=\"og:image:type\" content=\"image\/jpeg\" \/>\n<meta name=\"twitter:card\" content=\"summary_large_image\" \/>\n<meta name=\"twitter:label1\" content=\"Est. reading time\" \/>\n\t<meta name=\"twitter:data1\" content=\"1 minute\" \/>\n<script type=\"application\/ld+json\" class=\"yoast-schema-graph\">{\"@context\":\"https:\\\/\\\/schema.org\",\"@graph\":[{\"@type\":\"WebPage\",\"@id\":\"https:\\\/\\\/shop.ltu.basketball\\\/en\\\/produktas\\\/green-nike-shorts-lietuva\\\/\",\"url\":\"https:\\\/\\\/shop.ltu.basketball\\\/en\\\/produktas\\\/green-nike-shorts-lietuva\\\/\",\"name\":\"Green Nike shorts LIETUVA - SHOP.LTU.BASKETBALL\",\"isPartOf\":{\"@id\":\"https:\\\/\\\/shop.ltu.basketball\\\/en\\\/#website\"},\"primaryImageOfPage\":{\"@id\":\"https:\\\/\\\/shop.ltu.basketball\\\/en\\\/produktas\\\/green-nike-shorts-lietuva\\\/#primaryimage\"},\"image\":{\"@id\":\"https:\\\/\\\/shop.ltu.basketball\\\/en\\\/produktas\\\/green-nike-shorts-lietuva\\\/#primaryimage\"},\"thumbnailUrl\":\"https:\\\/\\\/shop.ltu.basketball\\\/wp-content\\\/uploads\\\/2024\\\/08\\\/nike-sortai.jpg\",\"datePublished\":\"2024-08-10T12:33:21+00:00\",\"dateModified\":\"2025-09-03T07:32:58+00:00\",\"breadcrumb\":{\"@id\":\"https:\\\/\\\/shop.ltu.basketball\\\/en\\\/produktas\\\/green-nike-shorts-lietuva\\\/#breadcrumb\"},\"inLanguage\":\"en-US\",\"potentialAction\":[{\"@type\":\"ReadAction\",\"target\":[\"https:\\\/\\\/shop.ltu.basketball\\\/en\\\/produktas\\\/green-nike-shorts-lietuva\\\/\"]}]},{\"@type\":\"ImageObject\",\"inLanguage\":\"en-US\",\"@id\":\"https:\\\/\\\/shop.ltu.basketball\\\/en\\\/produktas\\\/green-nike-shorts-lietuva\\\/#primaryimage\",\"url\":\"https:\\\/\\\/shop.ltu.basketball\\\/wp-content\\\/uploads\\\/2024\\\/08\\\/nike-sortai.jpg\",\"contentUrl\":\"https:\\\/\\\/shop.ltu.basketball\\\/wp-content\\\/uploads\\\/2024\\\/08\\\/nike-sortai.jpg\",\"width\":1500,\"height\":1500,\"caption\":\"\u017dali \u017eaidybiniai Nike LIETUVA \u0161ortai\"},{\"@type\":\"BreadcrumbList\",\"@id\":\"https:\\\/\\\/shop.ltu.basketball\\\/en\\\/produktas\\\/green-nike-shorts-lietuva\\\/#breadcrumb\",\"itemListElement\":[{\"@type\":\"ListItem\",\"position\":1,\"name\":\"Home\",\"item\":\"https:\\\/\\\/shop.ltu.basketball\\\/en\\\/pagrindinis\\\/\"},{\"@type\":\"ListItem\",\"position\":2,\"name\":\"Parduotuv\u0117\",\"item\":\"https:\\\/\\\/shop.ltu.basketball\\\/parduotuve\\\/\"},{\"@type\":\"ListItem\",\"position\":3,\"name\":\"Green Nike shorts LIETUVA\"}]},{\"@type\":\"WebSite\",\"@id\":\"https:\\\/\\\/shop.ltu.basketball\\\/en\\\/#website\",\"url\":\"https:\\\/\\\/shop.ltu.basketball\\\/en\\\/\",\"name\":\"SHOP.LTU.BASKETBALL\",\"description\":\"Oficiali Lietuvos krep\u0161inio rinktin\u0117s atributika\",\"potentialAction\":[{\"@type\":\"SearchAction\",\"target\":{\"@type\":\"EntryPoint\",\"urlTemplate\":\"https:\\\/\\\/shop.ltu.basketball\\\/en\\\/?s={search_term_string}\"},\"query-input\":{\"@type\":\"PropertyValueSpecification\",\"valueRequired\":true,\"valueName\":\"search_term_string\"}}],\"inLanguage\":\"en-US\"}]}<\/script>\n<!-- \/ Yoast SEO plugin. -->","yoast_head_json":{"title":"Green Nike shorts LIETUVA - SHOP.LTU.BASKETBALL","robots":{"index":"index","follow":"follow","max-snippet":"max-snippet:-1","max-image-preview":"max-image-preview:large","max-video-preview":"max-video-preview:-1"},"canonical":"https:\/\/shop.ltu.basketball\/en\/produktas\/green-nike-shorts-lietuva\/","og_locale":"en_US","og_type":"article","og_title":"Green Nike shorts LIETUVA - SHOP.LTU.BASKETBALL","og_description":"These Nike game shorts are a part of the official uniform of the Lithuanian national basketball team. They come in green with yellow and red side stripes, representing the colors of the Lithuanian flag. The Nike logo appears on the left leg, adding a modern and stylish touch. In the center, there&#8217;s a yellow patch [...]","og_url":"https:\/\/shop.ltu.basketball\/en\/produktas\/green-nike-shorts-lietuva\/","og_site_name":"SHOP.LTU.BASKETBALL","article_modified_time":"2025-09-03T07:32:58+00:00","og_image":[{"width":1500,"height":1500,"url":"https:\/\/shop.ltu.basketball\/wp-content\/uploads\/2024\/08\/nike-sortai.jpg","type":"image\/jpeg"}],"twitter_card":"summary_large_image","twitter_misc":{"Est. reading time":"1 minute"},"schema":{"@context":"https:\/\/schema.org","@graph":[{"@type":"WebPage","@id":"https:\/\/shop.ltu.basketball\/en\/produktas\/green-nike-shorts-lietuva\/","url":"https:\/\/shop.ltu.basketball\/en\/produktas\/green-nike-shorts-lietuva\/","name":"Green Nike shorts LIETUVA - SHOP.LTU.BASKETBALL","isPartOf":{"@id":"https:\/\/shop.ltu.basketball\/en\/#website"},"primaryImageOfPage":{"@id":"https:\/\/shop.ltu.basketball\/en\/produktas\/green-nike-shorts-lietuva\/#primaryimage"},"image":{"@id":"https:\/\/shop.ltu.basketball\/en\/produktas\/green-nike-shorts-lietuva\/#primaryimage"},"thumbnailUrl":"https:\/\/shop.ltu.basketball\/wp-content\/uploads\/2024\/08\/nike-sortai.jpg","datePublished":"2024-08-10T12:33:21+00:00","dateModified":"2025-09-03T07:32:58+00:00","breadcrumb":{"@id":"https:\/\/shop.ltu.basketball\/en\/produktas\/green-nike-shorts-lietuva\/#breadcrumb"},"inLanguage":"en-US","potentialAction":[{"@type":"ReadAction","target":["https:\/\/shop.ltu.basketball\/en\/produktas\/green-nike-shorts-lietuva\/"]}]},{"@type":"ImageObject","inLanguage":"en-US","@id":"https:\/\/shop.ltu.basketball\/en\/produktas\/green-nike-shorts-lietuva\/#primaryimage","url":"https:\/\/shop.ltu.basketball\/wp-content\/uploads\/2024\/08\/nike-sortai.jpg","contentUrl":"https:\/\/shop.ltu.basketball\/wp-content\/uploads\/2024\/08\/nike-sortai.jpg","width":1500,"height":1500,"caption":"\u017dali \u017eaidybiniai Nike LIETUVA \u0161ortai"},{"@type":"BreadcrumbList","@id":"https:\/\/shop.ltu.basketball\/en\/produktas\/green-nike-shorts-lietuva\/#breadcrumb","itemListElement":[{"@type":"ListItem","position":1,"name":"Home","item":"https:\/\/shop.ltu.basketball\/en\/pagrindinis\/"},{"@type":"ListItem","position":2,"name":"Parduotuv\u0117","item":"https:\/\/shop.ltu.basketball\/parduotuve\/"},{"@type":"ListItem","position":3,"name":"Green Nike shorts LIETUVA"}]},{"@type":"WebSite","@id":"https:\/\/shop.ltu.basketball\/en\/#website","url":"https:\/\/shop.ltu.basketball\/en\/","name":"SHOP.LTU.BASKETBALL","description":"Oficiali Lietuvos krep\u0161inio rinktin\u0117s atributika","potentialAction":[{"@type":"SearchAction","target":{"@type":"EntryPoint","urlTemplate":"https:\/\/shop.ltu.basketball\/en\/?s={search_term_string}"},"query-input":{"@type":"PropertyValueSpecification","valueRequired":true,"valueName":"search_term_string"}}],"inLanguage":"en-US"}]}},"wcpa_form_fields":null,"_links":{"self":[{"href":"https:\/\/shop.ltu.basketball\/en\/wp-json\/wp\/v2\/product\/18947","targetHints":{"allow":["GET"]}}],"collection":[{"href":"https:\/\/shop.ltu.basketball\/en\/wp-json\/wp\/v2\/product"}],"about":[{"href":"https:\/\/shop.ltu.basketball\/en\/wp-json\/wp\/v2\/types\/product"}],"wp:featuredmedia":[{"embeddable":true,"href":"https:\/\/shop.ltu.basketball\/en\/wp-json\/wp\/v2\/media\/15697"}],"wp:attachment":[{"href":"https:\/\/shop.ltu.basketball\/en\/wp-json\/wp\/v2\/media?parent=18947"}],"wp:term":[{"taxonomy":"product_brand","embeddable":true,"href":"https:\/\/shop.ltu.basketball\/en\/wp-json\/wp\/v2\/product_brand?post=18947"},{"taxonomy":"product_cat","embeddable":true,"href":"https:\/\/shop.ltu.basketball\/en\/wp-json\/wp\/v2\/product_cat?post=18947"},{"taxonomy":"product_tag","embeddable":true,"href":"https:\/\/shop.ltu.basketball\/en\/wp-json\/wp\/v2\/product_tag?post=18947"}],"curies":[{"name":"wp","href":"https:\/\/api.w.org\/{rel}","templated":true}]}}