{"id":18939,"date":"2024-08-06T14:18:51","date_gmt":"2024-08-06T11:18:51","guid":{"rendered":"https:\/\/shop.ltu.basketball\/produktas\/green-nike-game-jersey-lietuva\/"},"modified":"2026-04-05T02:33:29","modified_gmt":"2026-04-04T23:33:29","slug":"green-nike-game-jersey-lietuva","status":"publish","type":"product","link":"https:\/\/shop.ltu.basketball\/en\/produktas\/green-nike-game-jersey-lietuva\/","title":{"rendered":"Green Nike game jersey LIETUVA"},"content":{"rendered":"<p>These Nike game jerseys are a part of the official uniform for the Lithuanian national basketball team. The jerseys are green with yellow and red stripes on the sides, reflecting the colors of the Lithuanian flag. The front features the &#8220;LIETUVA&#8221; inscription, while the Nike logo is displayed on the right side of the chest. The jerseys are made from high-quality, breathable material, ensuring comfort and ease. This apparel reflects national spirit and patriotism, while also guaranteeing comfort and high sports quality.    <\/p>\n<p>Features:<\/p>\n<ul>\n<li>Color: Green;<\/li>\n<li>Material: 100% polyester;<\/li>\n<li>Sleeve: sleeveless jersey<\/li>\n<li>Inscription: &#8220;Lietuva&#8221;;<\/li>\n<li>Style: Modern, suitable for both daily wear and sports<\/li>\n<li>Made in Thailand<\/li>\n<\/ul>\n","protected":false},"excerpt":{"rendered":"<p>These Nike game jerseys are a part of the official uniform for the Lithuanian national basketball team. The jerseys are green with yellow and red stripes on the sides, reflecting the colors of the Lithuanian flag. The front features the &#8220;LIETUVA&#8221; inscription, while the Nike logo is displayed on the right side of the chest. [&#8230;]\n","protected":false},"featured_media":15600,"template":"","meta":{"_themeisle_gutenberg_block_has_review":false},"product_brand":[],"product_cat":[621,629],"product_tag":[],"class_list":{"0":"post-18939","1":"product","2":"type-product","3":"status-publish","4":"has-post-thumbnail","6":"product_cat-clothing","7":"product_cat-jerseys","8":"pa_dydis-2xl","9":"pa_dydis-3xl","10":"pa_dydis-l","11":"pa_dydis-m","12":"pa_dydis-s","13":"pa_dydis-xl","14":"pa_dydis-xs","15":"pa_lytis-men","16":"wcpa_has_options","18":"first","19":"instock","20":"sale","21":"taxable","22":"shipping-taxable","23":"purchasable","24":"product-type-variable"},"yoast_head":"<!-- This site is optimized with the Yoast SEO plugin v27.3 - https:\/\/yoast.com\/product\/yoast-seo-wordpress\/ -->\n<title>Green Nike game jersey LIETUVA - SHOP.LTU.BASKETBALL<\/title>\n<meta name=\"robots\" content=\"index, follow, max-snippet:-1, max-image-preview:large, max-video-preview:-1\" \/>\n<link rel=\"canonical\" href=\"https:\/\/shop.ltu.basketball\/en\/produktas\/green-nike-game-jersey-lietuva\/\" \/>\n<meta property=\"og:locale\" content=\"en_US\" \/>\n<meta property=\"og:type\" content=\"article\" \/>\n<meta property=\"og:title\" content=\"Green Nike game jersey LIETUVA - SHOP.LTU.BASKETBALL\" \/>\n<meta property=\"og:description\" content=\"These Nike game jerseys are a part of the official uniform for the Lithuanian national basketball team. The jerseys are green with yellow and red stripes on the sides, reflecting the colors of the Lithuanian flag. The front features the &#8220;LIETUVA&#8221; inscription, while the Nike logo is displayed on the right side of the chest. [...]\" \/>\n<meta property=\"og:url\" content=\"https:\/\/shop.ltu.basketball\/en\/produktas\/green-nike-game-jersey-lietuva\/\" \/>\n<meta property=\"og:site_name\" content=\"SHOP.LTU.BASKETBALL\" \/>\n<meta property=\"article:modified_time\" content=\"2026-04-04T23:33:29+00:00\" \/>\n<meta property=\"og:image\" content=\"https:\/\/shop.ltu.basketball\/wp-content\/uploads\/2024\/08\/zaidybiniai-zali-nike.jpg\" \/>\n\t<meta property=\"og:image:width\" content=\"1500\" \/>\n\t<meta property=\"og:image:height\" content=\"1500\" \/>\n\t<meta property=\"og:image:type\" content=\"image\/jpeg\" \/>\n<meta name=\"twitter:card\" content=\"summary_large_image\" \/>\n<meta name=\"twitter:label1\" content=\"Est. reading time\" \/>\n\t<meta name=\"twitter:data1\" content=\"1 minute\" \/>\n<script type=\"application\/ld+json\" class=\"yoast-schema-graph\">{\"@context\":\"https:\\\/\\\/schema.org\",\"@graph\":[{\"@type\":\"WebPage\",\"@id\":\"https:\\\/\\\/shop.ltu.basketball\\\/en\\\/produktas\\\/green-nike-game-jersey-lietuva\\\/\",\"url\":\"https:\\\/\\\/shop.ltu.basketball\\\/en\\\/produktas\\\/green-nike-game-jersey-lietuva\\\/\",\"name\":\"Green Nike game jersey LIETUVA - SHOP.LTU.BASKETBALL\",\"isPartOf\":{\"@id\":\"https:\\\/\\\/shop.ltu.basketball\\\/en\\\/#website\"},\"primaryImageOfPage\":{\"@id\":\"https:\\\/\\\/shop.ltu.basketball\\\/en\\\/produktas\\\/green-nike-game-jersey-lietuva\\\/#primaryimage\"},\"image\":{\"@id\":\"https:\\\/\\\/shop.ltu.basketball\\\/en\\\/produktas\\\/green-nike-game-jersey-lietuva\\\/#primaryimage\"},\"thumbnailUrl\":\"https:\\\/\\\/shop.ltu.basketball\\\/wp-content\\\/uploads\\\/2024\\\/08\\\/zaidybiniai-zali-nike.jpg\",\"datePublished\":\"2024-08-06T11:18:51+00:00\",\"dateModified\":\"2026-04-04T23:33:29+00:00\",\"breadcrumb\":{\"@id\":\"https:\\\/\\\/shop.ltu.basketball\\\/en\\\/produktas\\\/green-nike-game-jersey-lietuva\\\/#breadcrumb\"},\"inLanguage\":\"en-US\",\"potentialAction\":[{\"@type\":\"ReadAction\",\"target\":[\"https:\\\/\\\/shop.ltu.basketball\\\/en\\\/produktas\\\/green-nike-game-jersey-lietuva\\\/\"]}]},{\"@type\":\"ImageObject\",\"inLanguage\":\"en-US\",\"@id\":\"https:\\\/\\\/shop.ltu.basketball\\\/en\\\/produktas\\\/green-nike-game-jersey-lietuva\\\/#primaryimage\",\"url\":\"https:\\\/\\\/shop.ltu.basketball\\\/wp-content\\\/uploads\\\/2024\\\/08\\\/zaidybiniai-zali-nike.jpg\",\"contentUrl\":\"https:\\\/\\\/shop.ltu.basketball\\\/wp-content\\\/uploads\\\/2024\\\/08\\\/zaidybiniai-zali-nike.jpg\",\"width\":1500,\"height\":1500,\"caption\":\"\u017dali \u017eaidybiniai Nike LIETUVA mar\u0161kin\u0117liai\"},{\"@type\":\"BreadcrumbList\",\"@id\":\"https:\\\/\\\/shop.ltu.basketball\\\/en\\\/produktas\\\/green-nike-game-jersey-lietuva\\\/#breadcrumb\",\"itemListElement\":[{\"@type\":\"ListItem\",\"position\":1,\"name\":\"Home\",\"item\":\"https:\\\/\\\/shop.ltu.basketball\\\/en\\\/pagrindinis\\\/\"},{\"@type\":\"ListItem\",\"position\":2,\"name\":\"Parduotuv\u0117\",\"item\":\"https:\\\/\\\/shop.ltu.basketball\\\/parduotuve\\\/\"},{\"@type\":\"ListItem\",\"position\":3,\"name\":\"Green Nike game jersey LIETUVA\"}]},{\"@type\":\"WebSite\",\"@id\":\"https:\\\/\\\/shop.ltu.basketball\\\/en\\\/#website\",\"url\":\"https:\\\/\\\/shop.ltu.basketball\\\/en\\\/\",\"name\":\"SHOP.LTU.BASKETBALL\",\"description\":\"Oficiali Lietuvos krep\u0161inio rinktin\u0117s atributika\",\"potentialAction\":[{\"@type\":\"SearchAction\",\"target\":{\"@type\":\"EntryPoint\",\"urlTemplate\":\"https:\\\/\\\/shop.ltu.basketball\\\/en\\\/?s={search_term_string}\"},\"query-input\":{\"@type\":\"PropertyValueSpecification\",\"valueRequired\":true,\"valueName\":\"search_term_string\"}}],\"inLanguage\":\"en-US\"}]}<\/script>\n<!-- \/ Yoast SEO plugin. -->","yoast_head_json":{"title":"Green Nike game jersey LIETUVA - SHOP.LTU.BASKETBALL","robots":{"index":"index","follow":"follow","max-snippet":"max-snippet:-1","max-image-preview":"max-image-preview:large","max-video-preview":"max-video-preview:-1"},"canonical":"https:\/\/shop.ltu.basketball\/en\/produktas\/green-nike-game-jersey-lietuva\/","og_locale":"en_US","og_type":"article","og_title":"Green Nike game jersey LIETUVA - SHOP.LTU.BASKETBALL","og_description":"These Nike game jerseys are a part of the official uniform for the Lithuanian national basketball team. The jerseys are green with yellow and red stripes on the sides, reflecting the colors of the Lithuanian flag. The front features the &#8220;LIETUVA&#8221; inscription, while the Nike logo is displayed on the right side of the chest. [...]","og_url":"https:\/\/shop.ltu.basketball\/en\/produktas\/green-nike-game-jersey-lietuva\/","og_site_name":"SHOP.LTU.BASKETBALL","article_modified_time":"2026-04-04T23:33:29+00:00","og_image":[{"width":1500,"height":1500,"url":"https:\/\/shop.ltu.basketball\/wp-content\/uploads\/2024\/08\/zaidybiniai-zali-nike.jpg","type":"image\/jpeg"}],"twitter_card":"summary_large_image","twitter_misc":{"Est. reading time":"1 minute"},"schema":{"@context":"https:\/\/schema.org","@graph":[{"@type":"WebPage","@id":"https:\/\/shop.ltu.basketball\/en\/produktas\/green-nike-game-jersey-lietuva\/","url":"https:\/\/shop.ltu.basketball\/en\/produktas\/green-nike-game-jersey-lietuva\/","name":"Green Nike game jersey LIETUVA - SHOP.LTU.BASKETBALL","isPartOf":{"@id":"https:\/\/shop.ltu.basketball\/en\/#website"},"primaryImageOfPage":{"@id":"https:\/\/shop.ltu.basketball\/en\/produktas\/green-nike-game-jersey-lietuva\/#primaryimage"},"image":{"@id":"https:\/\/shop.ltu.basketball\/en\/produktas\/green-nike-game-jersey-lietuva\/#primaryimage"},"thumbnailUrl":"https:\/\/shop.ltu.basketball\/wp-content\/uploads\/2024\/08\/zaidybiniai-zali-nike.jpg","datePublished":"2024-08-06T11:18:51+00:00","dateModified":"2026-04-04T23:33:29+00:00","breadcrumb":{"@id":"https:\/\/shop.ltu.basketball\/en\/produktas\/green-nike-game-jersey-lietuva\/#breadcrumb"},"inLanguage":"en-US","potentialAction":[{"@type":"ReadAction","target":["https:\/\/shop.ltu.basketball\/en\/produktas\/green-nike-game-jersey-lietuva\/"]}]},{"@type":"ImageObject","inLanguage":"en-US","@id":"https:\/\/shop.ltu.basketball\/en\/produktas\/green-nike-game-jersey-lietuva\/#primaryimage","url":"https:\/\/shop.ltu.basketball\/wp-content\/uploads\/2024\/08\/zaidybiniai-zali-nike.jpg","contentUrl":"https:\/\/shop.ltu.basketball\/wp-content\/uploads\/2024\/08\/zaidybiniai-zali-nike.jpg","width":1500,"height":1500,"caption":"\u017dali \u017eaidybiniai Nike LIETUVA mar\u0161kin\u0117liai"},{"@type":"BreadcrumbList","@id":"https:\/\/shop.ltu.basketball\/en\/produktas\/green-nike-game-jersey-lietuva\/#breadcrumb","itemListElement":[{"@type":"ListItem","position":1,"name":"Home","item":"https:\/\/shop.ltu.basketball\/en\/pagrindinis\/"},{"@type":"ListItem","position":2,"name":"Parduotuv\u0117","item":"https:\/\/shop.ltu.basketball\/parduotuve\/"},{"@type":"ListItem","position":3,"name":"Green Nike game jersey LIETUVA"}]},{"@type":"WebSite","@id":"https:\/\/shop.ltu.basketball\/en\/#website","url":"https:\/\/shop.ltu.basketball\/en\/","name":"SHOP.LTU.BASKETBALL","description":"Oficiali Lietuvos krep\u0161inio rinktin\u0117s atributika","potentialAction":[{"@type":"SearchAction","target":{"@type":"EntryPoint","urlTemplate":"https:\/\/shop.ltu.basketball\/en\/?s={search_term_string}"},"query-input":{"@type":"PropertyValueSpecification","valueRequired":true,"valueName":"search_term_string"}}],"inLanguage":"en-US"}]}},"wcpa_form_fields":{"wcpaData":{"product":{"product_price":112.45,"price_html":"<del aria-hidden=\"true\"><span class=\"woocommerce-Price-amount amount\"><bdi>124.95&nbsp;<span class=\"woocommerce-Price-currencySymbol\">&euro;<\/span><\/bdi><\/span><\/del> <span class=\"screen-reader-text\">Original price was: 124.95&nbsp;&euro;.<\/span><ins aria-hidden=\"true\"><span class=\"woocommerce-Price-amount amount\"><bdi>112.45&nbsp;<span class=\"woocommerce-Price-currencySymbol\">&euro;<\/span><\/bdi><\/span><\/ins><span class=\"screen-reader-text\">Current price is: 112.45&nbsp;&euro;.<\/span>","original_product_price":124.95,"price_including_tax":112.45,"price_excluding_tax":92.933884,"product_id":{"parent":18939,"variation":false},"is_variable":true,"stock_status":"instock","stock_quantity":null,"parent_sku":"","product_attributes":{"pa_dydis":{"is_variation":true,"values":[]},"pa_lytis":{"is_variation":false,"values":["men"]},"pa_spalva":{"is_variation":false,"values":["green"]}},"custom_fields":[],"is_taxable":true,"product_name":"Green Nike game jersey LIETUVA","hasImage":false},"fields":{"sec_1068dfcfb453359":{"extra":{"key":"sec_1068dfcfb453359","section_id":"sec_1068dfcfb453359","name":"Default","status":1,"cl_rule":"show","enableCl":false,"relations":[],"toggle":true,"title_tag":"h3","show_title":false,"showPrice":"default","form_id":21981,"form_rules":{"exclude_from_discount":false,"fee_label":"Mokestis","disp_hide_options_price":false,"disp_show_section_price":false,"disp_show_field_price":true,"layout_option":"standard","pric_use_as_fee":false,"process_fee_as":"woo_fee"},"layout_option":"standard"},"fields":[[{"type":"checkbox-group","elementId":"checkbox-group_968dfcfb453364","label":" ","description":"","desc_type":true,"enablePrice":false,"priceOptions":"fixed_for_all","pricingType":"fixed","price":"15","name":"checkbox-group_968dfcfb453364","other_text":"Other","cl_rule":"show","col":6,"values":[{"label":"Personalized T-shirt","value":"option-1","price":"15","pimage":"","pimage_id":"","pthumb":"","tempId":"aco_1725","gt_translate_keys":["label"]}],"relations":false,"active":true,"tooltip":"If you want personalized jerseys \u2013 check the box. If not, leave it unchecked.","layOut":"","isWeightTemplate":false,"error":false,"isTemplate":false,"checkUi":"","min_quantity":"1","quantity_decimal":false,"quantity_step":"1","quantity_label":"Quantity","repeater_field_label":"{field_label}","repeater_bind":"","gt_translate_keys":["label","description","tooltip","repeater_field_label","quantity_label"],"price_dependency":false,"cl_dependency":["radio_8302896128"],"value":""}],[{"active":true,"col":6,"relations":[{"operator":false,"rules":[{"operator":"AND","rules":{"cl_field":"checkbox-group_968dfcfb453364","cl_relation":"is","cl_val":"option-1"}}]}],"cl_rule":"show","enableCl":true,"price":"","enablePrice":true,"className":"","label_position":"default","desc_position":"default","type":"radio-group","required":true,"elementId":"radio_8302896128","label":"Select","name":"radio_8302896128","values":[{"label":"Men\u2019s Team +","value":"Option - 1","selected":false,"tempId":"aco_150","price":"12","gt_translate_keys":["label"]},{"label":"Women\u2019s Team +","value":"Option - 2","selected":false,"tempId":"aco_151","price":"12","gt_translate_keys":["label"]},{"label":"Custom Option +","value":"Option - 3","selected":false,"tempId":"aco_152","price":"15","gt_translate_keys":["label"]}],"isWeightTemplate":false,"error":false,"isTemplate":false,"layOut":"","checkUi":"","min_quantity":"1","quantity_decimal":false,"quantity_step":"1","quantity_label":"Quantity","repeater_field_label":"{field_label}","repeater_bind":"","priceOptions":"different_for_all","pricingType":"fixed","gt_translate_keys":["label","repeater_field_label","quantity_label"],"price_dependency":false,"cl_dependency":["select_8392310266","select-8457500796","text_1068dfcfb453369","number_1277646427","content_168dfcfb453376","content-5929391373"],"value":""}],[{"active":true,"col":6,"relations":[{"operator":false,"rules":[{"operator":"AND","rules":{"cl_field":"radio_8302896128","cl_relation":"is","cl_val":"Option - 1"}}]}],"cl_rule":"show","enableCl":true,"price":"","enablePrice":false,"className":"","label_position":"default","desc_position":"default","type":"select","required":true,"elementId":"select_8392310266","label":"Select a player","name":"select_8392310266","values":[{"label":"","value":"Option - 0","selected":true,"tempId":"aco_300","options_cl":true,"relations":[{"operator":false,"rules":[{"operator":"AND","rules":{"cl_field":"","cl_relation":"","cl_val":""}}]}],"cl_rule":"disable","gt_translate_keys":["label"]},{"label":"Bla\u017eevi\u010d - 1","value":"Option - 12","selected":false,"tempId":"aco_3730","gt_translate_keys":["label"]},{"label":"Veli\u010dka - 1","value":"Option - 1","selected":false,"tempId":"aco_288","gt_translate_keys":["label"]},{"label":"Normantas - 2","value":"Option - 13","selected":false,"tempId":"aco_3902","gt_translate_keys":["label"]},{"label":"Radzevi\u010dius - 7","value":"Option - 5","selected":false,"tempId":"aco_2472","gt_translate_keys":["label"]},{"label":"Sedekerskis - 8","value":"Option - 16","selected":false,"tempId":"aco_4427","gt_translate_keys":["label"]},{"label":"Brazdeikis - 9","value":"Option - 6","selected":false,"tempId":"aco_2689","gt_translate_keys":["label"]},{"label":"Tubelis - 10","value":"Option - 2","selected":false,"tempId":"aco_289","gt_translate_keys":["label"]},{"label":"Sabonis - 11","value":"Option - 17","selected":false,"tempId":"aco_4617","gt_translate_keys":["label"]},{"label":"Jokubaitis - 13","value":"Option - 15","selected":false,"tempId":"aco_4246","gt_translate_keys":["label"]},{"label":"\u017demaitis - 13","value":"Option - 9","selected":false,"tempId":"aco_3178","gt_translate_keys":["label"]},{"label":"Birutis - 15","value":"Option - 10","selected":false,"tempId":"aco_3359","gt_translate_keys":["label"]},{"label":"Valan\u010di\u016bnas - 17","value":"Option - 8","selected":false,"tempId":"aco_3006","gt_translate_keys":["label"]},{"label":"Bend\u017eius - 22","value":"Option - 4","selected":false,"tempId":"aco_2327","gt_translate_keys":["label"]},{"label":"Giedraitis - 31","value":"Option - 14","selected":false,"tempId":"aco_4065","gt_translate_keys":["label"]},{"label":"Sargi\u016bnas - 43","value":"Option - 7","selected":false,"tempId":"aco_2852","gt_translate_keys":["label"]},{"label":"Rub\u0161tavi\u010dius - 71","value":"Option - 11","selected":false,"tempId":"aco_3513","gt_translate_keys":["label"]},{"label":"Sirvydis - 91","value":"Option - 3","selected":false,"tempId":"aco_290","gt_translate_keys":["label"]}],"isWeightTemplate":false,"error":false,"isTemplate":false,"min_quantity":"1","quantity_decimal":false,"quantity_step":"1","quantity_label":"Quantity","repeater_field_label":"{field_label}","repeater_bind":"","dropdown_type":"custom","gt_translate_keys":["label","repeater_field_label","quantity_label"],"price_dependency":false,"cl_dependency":false,"value":""}],[{"label":"Select a player","active":true,"required":true,"elementId":"select-8457500796","dropdown_type":"custom","name":"select-8457500796","label_position":"default","desc_position":"default","enablePrice":false,"className":"","enableCl":true,"relations":[{"operator":false,"rules":[{"operator":"AND","rules":{"cl_field":"radio_8302896128","cl_relation":"is","cl_val":"Option - 2"}}]}],"repeater_bind":"","repeater_field_label":"{field_label}","quantity_label":"Quantity","quantity_step":"1","quantity_decimal":false,"min_quantity":"1","values":[{"label":"","value":"Option - 0","selected":true,"tempId":"aco_300","options_cl":true,"relations":[{"operator":false,"rules":[{"operator":"AND","rules":{"cl_field":"","cl_relation":"","cl_val":""}}]}],"cl_rule":"disable","gt_translate_keys":["label"]},{"label":"Auk\u0161tikalnyt\u0117 - 0","value":"Option - 13","selected":false,"tempId":"aco_5768","gt_translate_keys":["label"]},{"label":"Jocyt\u0117 - 4","value":"Option - 6","selected":false,"tempId":"aco_5113","gt_translate_keys":["label"]},{"label":"Miknait\u0117 - 5","value":"Option - 10","selected":false,"tempId":"aco_5459","gt_translate_keys":["label"]},{"label":"Nacickaite-Van Der Horst - 6","value":"Option - 16","selected":false,"tempId":"aco_300","gt_translate_keys":["label"]},{"label":"Okockyt\u0117 - 7","value":"Option - 14","selected":false,"tempId":"aco_5850","gt_translate_keys":["label"]},{"label":"Raulu\u0161aityt\u0117 - 8","value":"Option - 7","selected":false,"tempId":"aco_5195","gt_translate_keys":["label"]},{"label":"Sinickait\u0117 - 11","value":"Option - 1","selected":false,"tempId":"aco_288","gt_translate_keys":["label"]},{"label":"Ju\u0161kait\u0117 - 12","value":"Option - 15","selected":false,"tempId":"aco_5932","gt_translate_keys":["label"]},{"label":"\u0160ventorait\u0117 - 14","value":"Option - 3","selected":false,"tempId":"aco_290","gt_translate_keys":["label"]},{"label":"Me\u0161konyt\u0117 - 17","value":"Option - 5","selected":false,"tempId":"aco_5022","gt_translate_keys":["label"]},{"label":"Mi\u0161kinien\u0117 - 21","value":"Option - 12","selected":false,"tempId":"aco_5677","gt_translate_keys":["label"]},{"label":"Zabotkait\u0117 - 22","value":"Option - 4","selected":false,"tempId":"aco_4931","gt_translate_keys":["label"]},{"label":"\u017delnyt\u0117 - 23","value":"Option - 9","selected":false,"tempId":"aco_5368","gt_translate_keys":["label"]},{"label":"\u016as\u0117 - 35","value":"Option - 11","selected":false,"tempId":"aco_5550","gt_translate_keys":["label"]},{"label":"Donskichyt\u0117 - 44","value":"Option - 2","selected":false,"tempId":"aco_289","gt_translate_keys":["label"]},{"label":"Labuckien\u0117 - 77","value":"Option - 8","selected":false,"tempId":"aco_5277","gt_translate_keys":["label"]}],"isTemplate":false,"price":"","isWeightTemplate":false,"cl_rule":"show","col":6,"type":"select","error":false,"gt_translate_keys":["label","repeater_field_label","quantity_label"],"price_dependency":false,"cl_dependency":false,"value":""}],[{"type":"text","elementId":"text_1068dfcfb453369","label":"Your custom text","description":"Up to 25 letters\/numbers","placeholder":"Text","pricingType":"fixed","name":"text_1068dfcfb453369","subtype":"text","maxlength":"20","enableCl":true,"cl_rule":"show","cl_val":"option-1","col":6,"relations":[{"operator":false,"rules":[{"operator":false,"rules":{"cl_field":"radio_8302896128","cl_relation":"is","cl_val":"Option - 3"}}]}],"active":true,"tooltip":"Lithuanian and standard Latin letters (A\u2013Z) only.","isWeightTemplate":false,"error":false,"isTemplate":false,"min_quantity":"1","quantity_decimal":false,"quantity_step":"1","quantity_label":"Quantity","repeater_field_label":"{field_label}","repeater_bind":"","required":true,"allowed_chars":"^[A-Za-z\u0104\u010c\u0118\u0116\u012e\u0160\u0172\u016a\u017d\u0105\u010d\u0119\u0117\u012f\u0161\u0173\u016b\u017e0-9 ._-]+$","gt_translate_keys":["label","placeholder","description","tooltip","repeater_field_label","quantity_label"],"price_dependency":false,"cl_dependency":false,"value":""}],[{"active":true,"col":6,"relations":[{"operator":false,"rules":[{"operator":"AND","rules":{"cl_field":"radio_8302896128","cl_relation":"is","cl_val":"Option - 3"}}]}],"cl_rule":"show","enableCl":true,"price":"","enablePrice":false,"className":"","label_position":"default","desc_position":"default","type":"number","required":true,"elementId":"number_1277646427","label":"Your custom number","name":"number_1277646427","value":"","isWeightTemplate":false,"error":false,"isTemplate":false,"min_quantity":"1","quantity_decimal":false,"quantity_step":"1","quantity_label":"Quantity","repeater_field_label":"{field_label}","repeater_bind":"","description":"Up to 2 digits (00\u201399)","placeholder":"00","min":"0","max":"99","gt_translate_keys":["label","placeholder","description","value","repeater_field_label","quantity_label"],"price_dependency":false,"cl_dependency":false}],[{"type":"content","subtype":"div","label":"","elementId":"content_168dfcfb453376","pricingType":"fixed","hideFieldIn_cart":true,"hideFieldIn_order":true,"enableCl":true,"cl_rule":"show","cl_val":"option-1","col":6,"relations":[{"operator":false,"rules":[{"operator":false,"rules":{"cl_field":"radio_8302896128","cl_relation":"is","cl_val":"Option - 3"}}]}],"active":true,"tooltip":"","value":"<b><img class=\"alignnone\" src=\"\/wp-content\/uploads\/2024\/05\/alert.svg\" alt=\"\" width=\"25\" height=\"25\"> IMPORTANT!<\/b>\n<b>Personalized jerseys are made to order and cannot be returned!<\/b>\n\nWhen choosing your text, please pay attention to the number of characters: the more characters (longer name), the narrower and less visible the print will be.","name":"content_168dfcfb453376","contentType":"plain","error":false,"isTemplate":false,"gt_translate_keys":["label","value","tooltip"],"price_dependency":false,"cl_dependency":false}],[{"contentType":"plain","active":true,"label":"","elementId":"content-5929391373","value":"<b><img class=\"alignnone\" src=\"\/wp-content\/uploads\/2024\/05\/alert.svg\" alt=\"\" width=\"25\" height=\"25\"> SVARBU!<\/b>\n<b>Personalized jerseys are made to order and cannot be returned!<\/b>","name":"content-5929391373","subtype":"div","enableCl":true,"relations":[{"operator":false,"rules":[{"operator":false,"rules":{"cl_field":"radio_8302896128","cl_relation":"is_not","cl_val":"Option - 3"}}]}],"pricingType":"fixed","isTemplate":false,"cl_rule":"show","col":6,"type":"content","error":false,"gt_translate_keys":["label","value"],"price_dependency":false,"cl_dependency":false}]]}},"config":{"price_override":"","enable_recaptcha":false,"bind_quantity":false,"quantity_bind_formula":false,"disp_summ_show_option_price":true,"disp_summ_show_product_price":true,"disp_summ_show_total_price":true,"disp_summ_show_fee":false,"disp_summ_show_discount":false,"summary_title":"","options_total_label":"Choice price","total_label":"Total","options_product_label":"Product price","fee_label":"Mokestis","discount_label":"Discount","has_price":true,"has_quantity_formula":false},"mc_unit":1,"tax_rate":1,"tax_rate_real":0.21,"discount":{"percentage":0,"fixed":0},"design":{"conf":{"LabelPosition":"above","DescPosition":"above","UploadField":"custom_1","QuantityFieldStyle":"default"},"css":{"LeftLabelWidth":"120px"}},"formulas":[],"lookuptables":[],"clones":false,"cartKey":false}},"_links":{"self":[{"href":"https:\/\/shop.ltu.basketball\/en\/wp-json\/wp\/v2\/product\/18939","targetHints":{"allow":["GET"]}}],"collection":[{"href":"https:\/\/shop.ltu.basketball\/en\/wp-json\/wp\/v2\/product"}],"about":[{"href":"https:\/\/shop.ltu.basketball\/en\/wp-json\/wp\/v2\/types\/product"}],"wp:featuredmedia":[{"embeddable":true,"href":"https:\/\/shop.ltu.basketball\/en\/wp-json\/wp\/v2\/media\/15600"}],"wp:attachment":[{"href":"https:\/\/shop.ltu.basketball\/en\/wp-json\/wp\/v2\/media?parent=18939"}],"wp:term":[{"taxonomy":"product_brand","embeddable":true,"href":"https:\/\/shop.ltu.basketball\/en\/wp-json\/wp\/v2\/product_brand?post=18939"},{"taxonomy":"product_cat","embeddable":true,"href":"https:\/\/shop.ltu.basketball\/en\/wp-json\/wp\/v2\/product_cat?post=18939"},{"taxonomy":"product_tag","embeddable":true,"href":"https:\/\/shop.ltu.basketball\/en\/wp-json\/wp\/v2\/product_tag?post=18939"}],"curies":[{"name":"wp","href":"https:\/\/api.w.org\/{rel}","templated":true}]}}