{"id":18918,"date":"2024-07-26T16:18:11","date_gmt":"2024-07-26T13:18:11","guid":{"rendered":"https:\/\/shop.ltu.basketball\/produktas\/green-nike-ltu-t-shirt\/"},"modified":"2025-10-16T17:51:00","modified_gmt":"2025-10-16T14:51:00","slug":"green-nike-ltu-t-shirt","status":"publish","type":"product","link":"https:\/\/shop.ltu.basketball\/en\/produktas\/green-nike-ltu-t-shirt\/","title":{"rendered":"Green Nike LTU T-Shirt"},"content":{"rendered":"<p>These green Nike DRI-FIT casual shirts are perfect for Lithuanian basketball fans. Made from high-quality, breathable material, they ensure comfort and ease. The front is adorned with a bright yellow &#8220;LTU&#8221; inscription, along with illustrations of the world and a basketball. These shirts are not only stylish but also functional, allowing a free movement.<\/p>\n<p>Features:<\/p>\n<ul>\n<li>Color: Green;<\/li>\n<li>Material: 100% polyester;<\/li>\n<li>Sleeves: Short;<\/li>\n<li>Inscription: &#8220;LTU&#8221;;<\/li>\n<li>Style: Modern, suitable for both daily wear and sports<\/li>\n<li>Made in: Vietnam.<\/li>\n<\/ul>\n","protected":false},"excerpt":{"rendered":"<p>These green Nike DRI-FIT casual shirts are perfect for Lithuanian basketball fans. Made from high-quality, breathable material, they ensure comfort and ease. The front is adorned with a bright yellow &#8220;LTU&#8221; inscription, along with illustrations of the world and a basketball. These shirts are not only stylish but also functional, allowing a free movement. Features: [&#8230;]\n","protected":false},"featured_media":15372,"template":"","meta":{"_themeisle_gutenberg_block_has_review":false},"product_brand":[],"product_cat":[621,625],"product_tag":[],"class_list":{"0":"post-18918","1":"product","2":"type-product","3":"status-publish","4":"has-post-thumbnail","6":"product_cat-clothing","7":"product_cat-t-shirt","8":"pa_dydis-2xl","9":"pa_dydis-3xl","10":"pa_dydis-l","11":"pa_dydis-m","12":"pa_dydis-s","13":"pa_dydis-xl","14":"pa_lytis-men","16":"first","17":"instock","18":"sale","19":"taxable","20":"shipping-taxable","21":"purchasable","22":"product-type-variable"},"yoast_head":"<!-- This site is optimized with the Yoast SEO plugin v27.3 - https:\/\/yoast.com\/product\/yoast-seo-wordpress\/ -->\n<title>Green Nike LTU T-Shirt - SHOP.LTU.BASKETBALL<\/title>\n<meta name=\"robots\" content=\"index, follow, max-snippet:-1, max-image-preview:large, max-video-preview:-1\" \/>\n<link rel=\"canonical\" href=\"https:\/\/shop.ltu.basketball\/en\/produktas\/green-nike-ltu-t-shirt\/\" \/>\n<meta property=\"og:locale\" content=\"en_US\" \/>\n<meta property=\"og:type\" content=\"article\" \/>\n<meta property=\"og:title\" content=\"Green Nike LTU T-Shirt - SHOP.LTU.BASKETBALL\" \/>\n<meta property=\"og:description\" content=\"These green Nike DRI-FIT casual shirts are perfect for Lithuanian basketball fans. Made from high-quality, breathable material, they ensure comfort and ease. The front is adorned with a bright yellow &#8220;LTU&#8221; inscription, along with illustrations of the world and a basketball. These shirts are not only stylish but also functional, allowing a free movement. Features: [...]\" \/>\n<meta property=\"og:url\" content=\"https:\/\/shop.ltu.basketball\/en\/produktas\/green-nike-ltu-t-shirt\/\" \/>\n<meta property=\"og:site_name\" content=\"SHOP.LTU.BASKETBALL\" \/>\n<meta property=\"article:modified_time\" content=\"2025-10-16T14:51:00+00:00\" \/>\n<meta property=\"og:image\" content=\"https:\/\/shop.ltu.basketball\/wp-content\/uploads\/2024\/07\/zali-nike-world-ltu.jpg\" \/>\n\t<meta property=\"og:image:width\" content=\"1500\" \/>\n\t<meta property=\"og:image:height\" content=\"1500\" \/>\n\t<meta property=\"og:image:type\" content=\"image\/jpeg\" \/>\n<meta name=\"twitter:card\" content=\"summary_large_image\" \/>\n<script type=\"application\/ld+json\" class=\"yoast-schema-graph\">{\"@context\":\"https:\\\/\\\/schema.org\",\"@graph\":[{\"@type\":\"WebPage\",\"@id\":\"https:\\\/\\\/shop.ltu.basketball\\\/en\\\/produktas\\\/green-nike-ltu-t-shirt\\\/\",\"url\":\"https:\\\/\\\/shop.ltu.basketball\\\/en\\\/produktas\\\/green-nike-ltu-t-shirt\\\/\",\"name\":\"Green Nike LTU T-Shirt - SHOP.LTU.BASKETBALL\",\"isPartOf\":{\"@id\":\"https:\\\/\\\/shop.ltu.basketball\\\/en\\\/#website\"},\"primaryImageOfPage\":{\"@id\":\"https:\\\/\\\/shop.ltu.basketball\\\/en\\\/produktas\\\/green-nike-ltu-t-shirt\\\/#primaryimage\"},\"image\":{\"@id\":\"https:\\\/\\\/shop.ltu.basketball\\\/en\\\/produktas\\\/green-nike-ltu-t-shirt\\\/#primaryimage\"},\"thumbnailUrl\":\"https:\\\/\\\/shop.ltu.basketball\\\/wp-content\\\/uploads\\\/2024\\\/07\\\/zali-nike-world-ltu.jpg\",\"datePublished\":\"2024-07-26T13:18:11+00:00\",\"dateModified\":\"2025-10-16T14:51:00+00:00\",\"breadcrumb\":{\"@id\":\"https:\\\/\\\/shop.ltu.basketball\\\/en\\\/produktas\\\/green-nike-ltu-t-shirt\\\/#breadcrumb\"},\"inLanguage\":\"en-US\",\"potentialAction\":[{\"@type\":\"ReadAction\",\"target\":[\"https:\\\/\\\/shop.ltu.basketball\\\/en\\\/produktas\\\/green-nike-ltu-t-shirt\\\/\"]}]},{\"@type\":\"ImageObject\",\"inLanguage\":\"en-US\",\"@id\":\"https:\\\/\\\/shop.ltu.basketball\\\/en\\\/produktas\\\/green-nike-ltu-t-shirt\\\/#primaryimage\",\"url\":\"https:\\\/\\\/shop.ltu.basketball\\\/wp-content\\\/uploads\\\/2024\\\/07\\\/zali-nike-world-ltu.jpg\",\"contentUrl\":\"https:\\\/\\\/shop.ltu.basketball\\\/wp-content\\\/uploads\\\/2024\\\/07\\\/zali-nike-world-ltu.jpg\",\"width\":1500,\"height\":1500,\"caption\":\"\u017dali Nike LTU mar\u0161kin\u0117liai 2024\"},{\"@type\":\"BreadcrumbList\",\"@id\":\"https:\\\/\\\/shop.ltu.basketball\\\/en\\\/produktas\\\/green-nike-ltu-t-shirt\\\/#breadcrumb\",\"itemListElement\":[{\"@type\":\"ListItem\",\"position\":1,\"name\":\"Home\",\"item\":\"https:\\\/\\\/shop.ltu.basketball\\\/en\\\/pagrindinis\\\/\"},{\"@type\":\"ListItem\",\"position\":2,\"name\":\"Parduotuv\u0117\",\"item\":\"https:\\\/\\\/shop.ltu.basketball\\\/parduotuve\\\/\"},{\"@type\":\"ListItem\",\"position\":3,\"name\":\"Green Nike LTU T-Shirt\"}]},{\"@type\":\"WebSite\",\"@id\":\"https:\\\/\\\/shop.ltu.basketball\\\/en\\\/#website\",\"url\":\"https:\\\/\\\/shop.ltu.basketball\\\/en\\\/\",\"name\":\"SHOP.LTU.BASKETBALL\",\"description\":\"Oficiali Lietuvos krep\u0161inio rinktin\u0117s atributika\",\"potentialAction\":[{\"@type\":\"SearchAction\",\"target\":{\"@type\":\"EntryPoint\",\"urlTemplate\":\"https:\\\/\\\/shop.ltu.basketball\\\/en\\\/?s={search_term_string}\"},\"query-input\":{\"@type\":\"PropertyValueSpecification\",\"valueRequired\":true,\"valueName\":\"search_term_string\"}}],\"inLanguage\":\"en-US\"}]}<\/script>\n<!-- \/ Yoast SEO plugin. -->","yoast_head_json":{"title":"Green Nike LTU T-Shirt - SHOP.LTU.BASKETBALL","robots":{"index":"index","follow":"follow","max-snippet":"max-snippet:-1","max-image-preview":"max-image-preview:large","max-video-preview":"max-video-preview:-1"},"canonical":"https:\/\/shop.ltu.basketball\/en\/produktas\/green-nike-ltu-t-shirt\/","og_locale":"en_US","og_type":"article","og_title":"Green Nike LTU T-Shirt - SHOP.LTU.BASKETBALL","og_description":"These green Nike DRI-FIT casual shirts are perfect for Lithuanian basketball fans. Made from high-quality, breathable material, they ensure comfort and ease. The front is adorned with a bright yellow &#8220;LTU&#8221; inscription, along with illustrations of the world and a basketball. These shirts are not only stylish but also functional, allowing a free movement. Features: [...]","og_url":"https:\/\/shop.ltu.basketball\/en\/produktas\/green-nike-ltu-t-shirt\/","og_site_name":"SHOP.LTU.BASKETBALL","article_modified_time":"2025-10-16T14:51:00+00:00","og_image":[{"width":1500,"height":1500,"url":"https:\/\/shop.ltu.basketball\/wp-content\/uploads\/2024\/07\/zali-nike-world-ltu.jpg","type":"image\/jpeg"}],"twitter_card":"summary_large_image","schema":{"@context":"https:\/\/schema.org","@graph":[{"@type":"WebPage","@id":"https:\/\/shop.ltu.basketball\/en\/produktas\/green-nike-ltu-t-shirt\/","url":"https:\/\/shop.ltu.basketball\/en\/produktas\/green-nike-ltu-t-shirt\/","name":"Green Nike LTU T-Shirt - SHOP.LTU.BASKETBALL","isPartOf":{"@id":"https:\/\/shop.ltu.basketball\/en\/#website"},"primaryImageOfPage":{"@id":"https:\/\/shop.ltu.basketball\/en\/produktas\/green-nike-ltu-t-shirt\/#primaryimage"},"image":{"@id":"https:\/\/shop.ltu.basketball\/en\/produktas\/green-nike-ltu-t-shirt\/#primaryimage"},"thumbnailUrl":"https:\/\/shop.ltu.basketball\/wp-content\/uploads\/2024\/07\/zali-nike-world-ltu.jpg","datePublished":"2024-07-26T13:18:11+00:00","dateModified":"2025-10-16T14:51:00+00:00","breadcrumb":{"@id":"https:\/\/shop.ltu.basketball\/en\/produktas\/green-nike-ltu-t-shirt\/#breadcrumb"},"inLanguage":"en-US","potentialAction":[{"@type":"ReadAction","target":["https:\/\/shop.ltu.basketball\/en\/produktas\/green-nike-ltu-t-shirt\/"]}]},{"@type":"ImageObject","inLanguage":"en-US","@id":"https:\/\/shop.ltu.basketball\/en\/produktas\/green-nike-ltu-t-shirt\/#primaryimage","url":"https:\/\/shop.ltu.basketball\/wp-content\/uploads\/2024\/07\/zali-nike-world-ltu.jpg","contentUrl":"https:\/\/shop.ltu.basketball\/wp-content\/uploads\/2024\/07\/zali-nike-world-ltu.jpg","width":1500,"height":1500,"caption":"\u017dali Nike LTU mar\u0161kin\u0117liai 2024"},{"@type":"BreadcrumbList","@id":"https:\/\/shop.ltu.basketball\/en\/produktas\/green-nike-ltu-t-shirt\/#breadcrumb","itemListElement":[{"@type":"ListItem","position":1,"name":"Home","item":"https:\/\/shop.ltu.basketball\/en\/pagrindinis\/"},{"@type":"ListItem","position":2,"name":"Parduotuv\u0117","item":"https:\/\/shop.ltu.basketball\/parduotuve\/"},{"@type":"ListItem","position":3,"name":"Green Nike LTU T-Shirt"}]},{"@type":"WebSite","@id":"https:\/\/shop.ltu.basketball\/en\/#website","url":"https:\/\/shop.ltu.basketball\/en\/","name":"SHOP.LTU.BASKETBALL","description":"Oficiali Lietuvos krep\u0161inio rinktin\u0117s atributika","potentialAction":[{"@type":"SearchAction","target":{"@type":"EntryPoint","urlTemplate":"https:\/\/shop.ltu.basketball\/en\/?s={search_term_string}"},"query-input":{"@type":"PropertyValueSpecification","valueRequired":true,"valueName":"search_term_string"}}],"inLanguage":"en-US"}]}},"wcpa_form_fields":null,"_links":{"self":[{"href":"https:\/\/shop.ltu.basketball\/en\/wp-json\/wp\/v2\/product\/18918","targetHints":{"allow":["GET"]}}],"collection":[{"href":"https:\/\/shop.ltu.basketball\/en\/wp-json\/wp\/v2\/product"}],"about":[{"href":"https:\/\/shop.ltu.basketball\/en\/wp-json\/wp\/v2\/types\/product"}],"wp:featuredmedia":[{"embeddable":true,"href":"https:\/\/shop.ltu.basketball\/en\/wp-json\/wp\/v2\/media\/15372"}],"wp:attachment":[{"href":"https:\/\/shop.ltu.basketball\/en\/wp-json\/wp\/v2\/media?parent=18918"}],"wp:term":[{"taxonomy":"product_brand","embeddable":true,"href":"https:\/\/shop.ltu.basketball\/en\/wp-json\/wp\/v2\/product_brand?post=18918"},{"taxonomy":"product_cat","embeddable":true,"href":"https:\/\/shop.ltu.basketball\/en\/wp-json\/wp\/v2\/product_cat?post=18918"},{"taxonomy":"product_tag","embeddable":true,"href":"https:\/\/shop.ltu.basketball\/en\/wp-json\/wp\/v2\/product_tag?post=18918"}],"curies":[{"name":"wp","href":"https:\/\/api.w.org\/{rel}","templated":true}]}}