{"id":18894,"date":"2024-01-01T22:22:28","date_gmt":"2024-01-01T20:22:28","guid":{"rendered":"https:\/\/shop.ltu.basketball\/produktas\/green-tie-dye-t-shirt\/"},"modified":"2026-04-15T15:31:41","modified_gmt":"2026-04-15T12:31:41","slug":"green-tie-dye-t-shirt","status":"publish","type":"product","link":"https:\/\/shop.ltu.basketball\/en\/produktas\/green-tie-dye-t-shirt\/","title":{"rendered":"Green Tie-Dye T-shirt"},"content":{"rendered":"<p>Hand-painted basketball fan t-shirts inspire the uniqueness and patriotism of the country. They are decorated with an original skeleton design that gives them character and charm. Each shirt is unique and exclusive. Buy this unique shirt and immerse yourself in the passion of basketball with accents of style and exclusivity!<\/p>\n<p>Features:<\/p>\n<ul>\n<li>Hand-dyed T-shirts;<\/li>\n<li>Color: Green, white;<\/li>\n<li>Material: 100% cotton;<\/li>\n<li>Sleeves: Short;<\/li>\n<li>Inscription: &#8220;LITHUANIA&#8221;;<\/li>\n<li>Style: Casual;<\/li>\n<li>Made in Lithuania.<\/li>\n<\/ul>\n","protected":false},"excerpt":{"rendered":"<p><img loading=\"lazy\" decoding=\"async\" class=\"alignnone\" src=\"\/wp-content\/uploads\/2024\/05\/alert.svg\" alt=\"\" width=\"25\" height=\"25\"> Attention! The T-shirts run small, we recommend checking the size chart. <\/p>\n","protected":false},"featured_media":12256,"template":"","meta":{"_themeisle_gutenberg_block_has_review":false},"product_brand":[],"product_cat":[621,625,630],"product_tag":[],"class_list":{"0":"post-18894","1":"product","2":"type-product","3":"status-publish","4":"has-post-thumbnail","6":"product_cat-clothing","7":"product_cat-t-shirt","8":"product_cat-tie-dye-en","9":"pa_dydis-2xl","10":"pa_dydis-3xl","11":"pa_dydis-4xl","12":"pa_dydis-5xl","13":"pa_dydis-l","14":"pa_dydis-m","15":"pa_dydis-s","16":"pa_dydis-xl","17":"pa_dydis-xs","18":"pa_lytis-men","19":"pa_lytis-women","21":"first","22":"instock","23":"taxable","24":"shipping-taxable","25":"purchasable","26":"product-type-variable"},"yoast_head":"<!-- This site is optimized with the Yoast SEO plugin v27.3 - https:\/\/yoast.com\/product\/yoast-seo-wordpress\/ -->\n<title>Green Tie-Dye T-shirt - SHOP.LTU.BASKETBALL<\/title>\n<meta name=\"robots\" content=\"index, follow, max-snippet:-1, max-image-preview:large, max-video-preview:-1\" \/>\n<link rel=\"canonical\" href=\"https:\/\/shop.ltu.basketball\/en\/produktas\/green-tie-dye-t-shirt\/\" \/>\n<meta property=\"og:locale\" content=\"en_US\" \/>\n<meta property=\"og:type\" content=\"article\" \/>\n<meta property=\"og:title\" content=\"Green Tie-Dye T-shirt - SHOP.LTU.BASKETBALL\" \/>\n<meta property=\"og:description\" content=\"Attention! The T-shirts run small, we recommend checking the size chart.\" \/>\n<meta property=\"og:url\" content=\"https:\/\/shop.ltu.basketball\/en\/produktas\/green-tie-dye-t-shirt\/\" \/>\n<meta property=\"og:site_name\" content=\"SHOP.LTU.BASKETBALL\" \/>\n<meta property=\"article:modified_time\" content=\"2026-04-15T12:31:41+00:00\" \/>\n<meta property=\"og:image\" content=\"https:\/\/shop.ltu.basketball\/wp-content\/uploads\/2024\/02\/Green-tie-dye-Margiris.jpg\" \/>\n\t<meta property=\"og:image:width\" content=\"768\" \/>\n\t<meta property=\"og:image:height\" content=\"768\" \/>\n\t<meta property=\"og:image:type\" content=\"image\/jpeg\" \/>\n<meta name=\"twitter:card\" content=\"summary_large_image\" \/>\n<script type=\"application\/ld+json\" class=\"yoast-schema-graph\">{\"@context\":\"https:\\\/\\\/schema.org\",\"@graph\":[{\"@type\":\"WebPage\",\"@id\":\"https:\\\/\\\/shop.ltu.basketball\\\/en\\\/produktas\\\/green-tie-dye-t-shirt\\\/\",\"url\":\"https:\\\/\\\/shop.ltu.basketball\\\/en\\\/produktas\\\/green-tie-dye-t-shirt\\\/\",\"name\":\"Green Tie-Dye T-shirt - SHOP.LTU.BASKETBALL\",\"isPartOf\":{\"@id\":\"https:\\\/\\\/shop.ltu.basketball\\\/en\\\/#website\"},\"primaryImageOfPage\":{\"@id\":\"https:\\\/\\\/shop.ltu.basketball\\\/en\\\/produktas\\\/green-tie-dye-t-shirt\\\/#primaryimage\"},\"image\":{\"@id\":\"https:\\\/\\\/shop.ltu.basketball\\\/en\\\/produktas\\\/green-tie-dye-t-shirt\\\/#primaryimage\"},\"thumbnailUrl\":\"https:\\\/\\\/shop.ltu.basketball\\\/wp-content\\\/uploads\\\/2024\\\/02\\\/Green-tie-dye-Margiris.jpg\",\"datePublished\":\"2024-01-01T20:22:28+00:00\",\"dateModified\":\"2026-04-15T12:31:41+00:00\",\"breadcrumb\":{\"@id\":\"https:\\\/\\\/shop.ltu.basketball\\\/en\\\/produktas\\\/green-tie-dye-t-shirt\\\/#breadcrumb\"},\"inLanguage\":\"en-US\",\"potentialAction\":[{\"@type\":\"ReadAction\",\"target\":[\"https:\\\/\\\/shop.ltu.basketball\\\/en\\\/produktas\\\/green-tie-dye-t-shirt\\\/\"]}]},{\"@type\":\"ImageObject\",\"inLanguage\":\"en-US\",\"@id\":\"https:\\\/\\\/shop.ltu.basketball\\\/en\\\/produktas\\\/green-tie-dye-t-shirt\\\/#primaryimage\",\"url\":\"https:\\\/\\\/shop.ltu.basketball\\\/wp-content\\\/uploads\\\/2024\\\/02\\\/Green-tie-dye-Margiris.jpg\",\"contentUrl\":\"https:\\\/\\\/shop.ltu.basketball\\\/wp-content\\\/uploads\\\/2024\\\/02\\\/Green-tie-dye-Margiris.jpg\",\"width\":768,\"height\":768,\"caption\":\"\u017daliai balti - GREEN Tie-Dye mar\u0161kin\u0117liai - Margiris Normantas\"},{\"@type\":\"BreadcrumbList\",\"@id\":\"https:\\\/\\\/shop.ltu.basketball\\\/en\\\/produktas\\\/green-tie-dye-t-shirt\\\/#breadcrumb\",\"itemListElement\":[{\"@type\":\"ListItem\",\"position\":1,\"name\":\"Home\",\"item\":\"https:\\\/\\\/shop.ltu.basketball\\\/en\\\/pagrindinis\\\/\"},{\"@type\":\"ListItem\",\"position\":2,\"name\":\"Parduotuv\u0117\",\"item\":\"https:\\\/\\\/shop.ltu.basketball\\\/parduotuve\\\/\"},{\"@type\":\"ListItem\",\"position\":3,\"name\":\"Green Tie-Dye T-shirt\"}]},{\"@type\":\"WebSite\",\"@id\":\"https:\\\/\\\/shop.ltu.basketball\\\/en\\\/#website\",\"url\":\"https:\\\/\\\/shop.ltu.basketball\\\/en\\\/\",\"name\":\"SHOP.LTU.BASKETBALL\",\"description\":\"Oficiali Lietuvos krep\u0161inio rinktin\u0117s atributika\",\"potentialAction\":[{\"@type\":\"SearchAction\",\"target\":{\"@type\":\"EntryPoint\",\"urlTemplate\":\"https:\\\/\\\/shop.ltu.basketball\\\/en\\\/?s={search_term_string}\"},\"query-input\":{\"@type\":\"PropertyValueSpecification\",\"valueRequired\":true,\"valueName\":\"search_term_string\"}}],\"inLanguage\":\"en-US\"}]}<\/script>\n<!-- \/ Yoast SEO plugin. -->","yoast_head_json":{"title":"Green Tie-Dye T-shirt - SHOP.LTU.BASKETBALL","robots":{"index":"index","follow":"follow","max-snippet":"max-snippet:-1","max-image-preview":"max-image-preview:large","max-video-preview":"max-video-preview:-1"},"canonical":"https:\/\/shop.ltu.basketball\/en\/produktas\/green-tie-dye-t-shirt\/","og_locale":"en_US","og_type":"article","og_title":"Green Tie-Dye T-shirt - SHOP.LTU.BASKETBALL","og_description":"Attention! The T-shirts run small, we recommend checking the size chart.","og_url":"https:\/\/shop.ltu.basketball\/en\/produktas\/green-tie-dye-t-shirt\/","og_site_name":"SHOP.LTU.BASKETBALL","article_modified_time":"2026-04-15T12:31:41+00:00","og_image":[{"width":768,"height":768,"url":"https:\/\/shop.ltu.basketball\/wp-content\/uploads\/2024\/02\/Green-tie-dye-Margiris.jpg","type":"image\/jpeg"}],"twitter_card":"summary_large_image","schema":{"@context":"https:\/\/schema.org","@graph":[{"@type":"WebPage","@id":"https:\/\/shop.ltu.basketball\/en\/produktas\/green-tie-dye-t-shirt\/","url":"https:\/\/shop.ltu.basketball\/en\/produktas\/green-tie-dye-t-shirt\/","name":"Green Tie-Dye T-shirt - SHOP.LTU.BASKETBALL","isPartOf":{"@id":"https:\/\/shop.ltu.basketball\/en\/#website"},"primaryImageOfPage":{"@id":"https:\/\/shop.ltu.basketball\/en\/produktas\/green-tie-dye-t-shirt\/#primaryimage"},"image":{"@id":"https:\/\/shop.ltu.basketball\/en\/produktas\/green-tie-dye-t-shirt\/#primaryimage"},"thumbnailUrl":"https:\/\/shop.ltu.basketball\/wp-content\/uploads\/2024\/02\/Green-tie-dye-Margiris.jpg","datePublished":"2024-01-01T20:22:28+00:00","dateModified":"2026-04-15T12:31:41+00:00","breadcrumb":{"@id":"https:\/\/shop.ltu.basketball\/en\/produktas\/green-tie-dye-t-shirt\/#breadcrumb"},"inLanguage":"en-US","potentialAction":[{"@type":"ReadAction","target":["https:\/\/shop.ltu.basketball\/en\/produktas\/green-tie-dye-t-shirt\/"]}]},{"@type":"ImageObject","inLanguage":"en-US","@id":"https:\/\/shop.ltu.basketball\/en\/produktas\/green-tie-dye-t-shirt\/#primaryimage","url":"https:\/\/shop.ltu.basketball\/wp-content\/uploads\/2024\/02\/Green-tie-dye-Margiris.jpg","contentUrl":"https:\/\/shop.ltu.basketball\/wp-content\/uploads\/2024\/02\/Green-tie-dye-Margiris.jpg","width":768,"height":768,"caption":"\u017daliai balti - GREEN Tie-Dye mar\u0161kin\u0117liai - Margiris Normantas"},{"@type":"BreadcrumbList","@id":"https:\/\/shop.ltu.basketball\/en\/produktas\/green-tie-dye-t-shirt\/#breadcrumb","itemListElement":[{"@type":"ListItem","position":1,"name":"Home","item":"https:\/\/shop.ltu.basketball\/en\/pagrindinis\/"},{"@type":"ListItem","position":2,"name":"Parduotuv\u0117","item":"https:\/\/shop.ltu.basketball\/parduotuve\/"},{"@type":"ListItem","position":3,"name":"Green Tie-Dye T-shirt"}]},{"@type":"WebSite","@id":"https:\/\/shop.ltu.basketball\/en\/#website","url":"https:\/\/shop.ltu.basketball\/en\/","name":"SHOP.LTU.BASKETBALL","description":"Oficiali Lietuvos krep\u0161inio rinktin\u0117s atributika","potentialAction":[{"@type":"SearchAction","target":{"@type":"EntryPoint","urlTemplate":"https:\/\/shop.ltu.basketball\/en\/?s={search_term_string}"},"query-input":{"@type":"PropertyValueSpecification","valueRequired":true,"valueName":"search_term_string"}}],"inLanguage":"en-US"}]}},"wcpa_form_fields":null,"_links":{"self":[{"href":"https:\/\/shop.ltu.basketball\/en\/wp-json\/wp\/v2\/product\/18894","targetHints":{"allow":["GET"]}}],"collection":[{"href":"https:\/\/shop.ltu.basketball\/en\/wp-json\/wp\/v2\/product"}],"about":[{"href":"https:\/\/shop.ltu.basketball\/en\/wp-json\/wp\/v2\/types\/product"}],"wp:featuredmedia":[{"embeddable":true,"href":"https:\/\/shop.ltu.basketball\/en\/wp-json\/wp\/v2\/media\/12256"}],"wp:attachment":[{"href":"https:\/\/shop.ltu.basketball\/en\/wp-json\/wp\/v2\/media?parent=18894"}],"wp:term":[{"taxonomy":"product_brand","embeddable":true,"href":"https:\/\/shop.ltu.basketball\/en\/wp-json\/wp\/v2\/product_brand?post=18894"},{"taxonomy":"product_cat","embeddable":true,"href":"https:\/\/shop.ltu.basketball\/en\/wp-json\/wp\/v2\/product_cat?post=18894"},{"taxonomy":"product_tag","embeddable":true,"href":"https:\/\/shop.ltu.basketball\/en\/wp-json\/wp\/v2\/product_tag?post=18894"}],"curies":[{"name":"wp","href":"https:\/\/api.w.org\/{rel}","templated":true}]}}