{"id":18740,"date":"2021-04-20T10:00:08","date_gmt":"2021-04-20T07:00:08","guid":{"rendered":"https:\/\/shop.ltu.basketball\/produktas\/gray-lietuva-t-shirt-p0\/"},"modified":"2026-01-13T17:55:46","modified_gmt":"2026-01-13T15:55:46","slug":"gray-lietuva-t-shirt-p0","status":"publish","type":"product","link":"https:\/\/shop.ltu.basketball\/en\/produktas\/gray-lietuva-t-shirt-p0\/","title":{"rendered":"Grey LIETUVA T-shirt P0"},"content":{"rendered":"<p>Inspire a sense of patriotism with our gray Lithuanian basketball t-shirt! This shirt is not only stylish, but also perfectly reflects your love for the national basketball team. Made from bio-cotton and elastane, this t-shirt provides not only comfort, but also high quality and durability.<\/p>\n<p>Features:<\/p>\n<ul>\n<li>Color: Grey<\/li>\n<li>Material: 92% bio-cotton, 8% elastane;<\/li>\n<li>Sleeves: Short;<\/li>\n<li>Inscription: &#8220;LIETUVA BASKETBALL&#8221;;<\/li>\n<li>Style: Modern, suitable for both daily wear and sports<\/li>\n<li>Made in Lithuania.<\/li>\n<\/ul>\n","protected":false},"excerpt":{"rendered":"<p>Inspire a sense of patriotism with our gray Lithuanian basketball t-shirt! This shirt is not only stylish, but also perfectly reflects your love for the national basketball team. Made from bio-cotton and elastane, this t-shirt provides not only comfort, but also high quality and durability. Features: Color: Grey Material: 92% bio-cotton, 8% elastane; Sleeves: Short; [&#8230;]\n","protected":false},"featured_media":14624,"template":"","meta":{"_themeisle_gutenberg_block_has_review":false},"product_brand":[],"product_cat":[621,625],"product_tag":[],"class_list":{"0":"post-18740","1":"product","2":"type-product","3":"status-publish","4":"has-post-thumbnail","6":"product_cat-clothing","7":"product_cat-t-shirt","8":"pa_dydis-2xl","9":"pa_dydis-3xl","10":"pa_dydis-4xl","11":"pa_dydis-l","12":"pa_dydis-m","13":"pa_dydis-s","14":"pa_dydis-xl","15":"pa_dydis-xs","16":"pa_lytis-men","18":"first","19":"instock","20":"taxable","21":"shipping-taxable","22":"purchasable","23":"product-type-variable"},"yoast_head":"<!-- This site is optimized with the Yoast SEO plugin v27.3 - https:\/\/yoast.com\/product\/yoast-seo-wordpress\/ -->\n<title>Grey LIETUVA T-shirt P0 - SHOP.LTU.BASKETBALL<\/title>\n<meta name=\"robots\" content=\"index, follow, max-snippet:-1, max-image-preview:large, max-video-preview:-1\" \/>\n<link rel=\"canonical\" href=\"https:\/\/shop.ltu.basketball\/en\/produktas\/gray-lietuva-t-shirt-p0\/\" \/>\n<meta property=\"og:locale\" content=\"en_US\" \/>\n<meta property=\"og:type\" content=\"article\" \/>\n<meta property=\"og:title\" content=\"Grey LIETUVA T-shirt P0 - SHOP.LTU.BASKETBALL\" \/>\n<meta property=\"og:description\" content=\"Inspire a sense of patriotism with our gray Lithuanian basketball t-shirt! This shirt is not only stylish, but also perfectly reflects your love for the national basketball team. Made from bio-cotton and elastane, this t-shirt provides not only comfort, but also high quality and durability. Features: Color: Grey Material: 92% bio-cotton, 8% elastane; Sleeves: Short; [...]\" \/>\n<meta property=\"og:url\" content=\"https:\/\/shop.ltu.basketball\/en\/produktas\/gray-lietuva-t-shirt-p0\/\" \/>\n<meta property=\"og:site_name\" content=\"SHOP.LTU.BASKETBALL\" \/>\n<meta property=\"article:modified_time\" content=\"2026-01-13T15:55:46+00:00\" \/>\n<meta property=\"og:image\" content=\"https:\/\/shop.ltu.basketball\/wp-content\/uploads\/2021\/04\/lietuva-krist-1080x1080.png\" \/>\n\t<meta property=\"og:image:width\" content=\"1080\" \/>\n\t<meta property=\"og:image:height\" content=\"1080\" \/>\n\t<meta property=\"og:image:type\" content=\"image\/png\" \/>\n<meta name=\"twitter:card\" content=\"summary_large_image\" \/>\n<script type=\"application\/ld+json\" class=\"yoast-schema-graph\">{\"@context\":\"https:\\\/\\\/schema.org\",\"@graph\":[{\"@type\":\"WebPage\",\"@id\":\"https:\\\/\\\/shop.ltu.basketball\\\/en\\\/produktas\\\/gray-lietuva-t-shirt-p0\\\/\",\"url\":\"https:\\\/\\\/shop.ltu.basketball\\\/en\\\/produktas\\\/gray-lietuva-t-shirt-p0\\\/\",\"name\":\"Grey LIETUVA T-shirt P0 - SHOP.LTU.BASKETBALL\",\"isPartOf\":{\"@id\":\"https:\\\/\\\/shop.ltu.basketball\\\/en\\\/#website\"},\"primaryImageOfPage\":{\"@id\":\"https:\\\/\\\/shop.ltu.basketball\\\/en\\\/produktas\\\/gray-lietuva-t-shirt-p0\\\/#primaryimage\"},\"image\":{\"@id\":\"https:\\\/\\\/shop.ltu.basketball\\\/en\\\/produktas\\\/gray-lietuva-t-shirt-p0\\\/#primaryimage\"},\"thumbnailUrl\":\"https:\\\/\\\/shop.ltu.basketball\\\/wp-content\\\/uploads\\\/2021\\\/04\\\/lietuva-krist.png\",\"datePublished\":\"2021-04-20T07:00:08+00:00\",\"dateModified\":\"2026-01-13T15:55:46+00:00\",\"breadcrumb\":{\"@id\":\"https:\\\/\\\/shop.ltu.basketball\\\/en\\\/produktas\\\/gray-lietuva-t-shirt-p0\\\/#breadcrumb\"},\"inLanguage\":\"en-US\",\"potentialAction\":[{\"@type\":\"ReadAction\",\"target\":[\"https:\\\/\\\/shop.ltu.basketball\\\/en\\\/produktas\\\/gray-lietuva-t-shirt-p0\\\/\"]}]},{\"@type\":\"ImageObject\",\"inLanguage\":\"en-US\",\"@id\":\"https:\\\/\\\/shop.ltu.basketball\\\/en\\\/produktas\\\/gray-lietuva-t-shirt-p0\\\/#primaryimage\",\"url\":\"https:\\\/\\\/shop.ltu.basketball\\\/wp-content\\\/uploads\\\/2021\\\/04\\\/lietuva-krist.png\",\"contentUrl\":\"https:\\\/\\\/shop.ltu.basketball\\\/wp-content\\\/uploads\\\/2021\\\/04\\\/lietuva-krist.png\",\"width\":1500,\"height\":1500,\"caption\":\"Pilki Lietuva mar\u0161kin\u0117liai. Kristumas \u017demaitis\"},{\"@type\":\"BreadcrumbList\",\"@id\":\"https:\\\/\\\/shop.ltu.basketball\\\/en\\\/produktas\\\/gray-lietuva-t-shirt-p0\\\/#breadcrumb\",\"itemListElement\":[{\"@type\":\"ListItem\",\"position\":1,\"name\":\"Home\",\"item\":\"https:\\\/\\\/shop.ltu.basketball\\\/en\\\/pagrindinis\\\/\"},{\"@type\":\"ListItem\",\"position\":2,\"name\":\"Parduotuv\u0117\",\"item\":\"https:\\\/\\\/shop.ltu.basketball\\\/parduotuve\\\/\"},{\"@type\":\"ListItem\",\"position\":3,\"name\":\"Grey LIETUVA T-shirt P0\"}]},{\"@type\":\"WebSite\",\"@id\":\"https:\\\/\\\/shop.ltu.basketball\\\/en\\\/#website\",\"url\":\"https:\\\/\\\/shop.ltu.basketball\\\/en\\\/\",\"name\":\"SHOP.LTU.BASKETBALL\",\"description\":\"Oficiali Lietuvos krep\u0161inio rinktin\u0117s atributika\",\"potentialAction\":[{\"@type\":\"SearchAction\",\"target\":{\"@type\":\"EntryPoint\",\"urlTemplate\":\"https:\\\/\\\/shop.ltu.basketball\\\/en\\\/?s={search_term_string}\"},\"query-input\":{\"@type\":\"PropertyValueSpecification\",\"valueRequired\":true,\"valueName\":\"search_term_string\"}}],\"inLanguage\":\"en-US\"}]}<\/script>\n<!-- \/ Yoast SEO plugin. -->","yoast_head_json":{"title":"Grey LIETUVA T-shirt P0 - SHOP.LTU.BASKETBALL","robots":{"index":"index","follow":"follow","max-snippet":"max-snippet:-1","max-image-preview":"max-image-preview:large","max-video-preview":"max-video-preview:-1"},"canonical":"https:\/\/shop.ltu.basketball\/en\/produktas\/gray-lietuva-t-shirt-p0\/","og_locale":"en_US","og_type":"article","og_title":"Grey LIETUVA T-shirt P0 - SHOP.LTU.BASKETBALL","og_description":"Inspire a sense of patriotism with our gray Lithuanian basketball t-shirt! This shirt is not only stylish, but also perfectly reflects your love for the national basketball team. Made from bio-cotton and elastane, this t-shirt provides not only comfort, but also high quality and durability. Features: Color: Grey Material: 92% bio-cotton, 8% elastane; Sleeves: Short; [...]","og_url":"https:\/\/shop.ltu.basketball\/en\/produktas\/gray-lietuva-t-shirt-p0\/","og_site_name":"SHOP.LTU.BASKETBALL","article_modified_time":"2026-01-13T15:55:46+00:00","og_image":[{"width":1080,"height":1080,"url":"https:\/\/shop.ltu.basketball\/wp-content\/uploads\/2021\/04\/lietuva-krist-1080x1080.png","type":"image\/png"}],"twitter_card":"summary_large_image","schema":{"@context":"https:\/\/schema.org","@graph":[{"@type":"WebPage","@id":"https:\/\/shop.ltu.basketball\/en\/produktas\/gray-lietuva-t-shirt-p0\/","url":"https:\/\/shop.ltu.basketball\/en\/produktas\/gray-lietuva-t-shirt-p0\/","name":"Grey LIETUVA T-shirt P0 - SHOP.LTU.BASKETBALL","isPartOf":{"@id":"https:\/\/shop.ltu.basketball\/en\/#website"},"primaryImageOfPage":{"@id":"https:\/\/shop.ltu.basketball\/en\/produktas\/gray-lietuva-t-shirt-p0\/#primaryimage"},"image":{"@id":"https:\/\/shop.ltu.basketball\/en\/produktas\/gray-lietuva-t-shirt-p0\/#primaryimage"},"thumbnailUrl":"https:\/\/shop.ltu.basketball\/wp-content\/uploads\/2021\/04\/lietuva-krist.png","datePublished":"2021-04-20T07:00:08+00:00","dateModified":"2026-01-13T15:55:46+00:00","breadcrumb":{"@id":"https:\/\/shop.ltu.basketball\/en\/produktas\/gray-lietuva-t-shirt-p0\/#breadcrumb"},"inLanguage":"en-US","potentialAction":[{"@type":"ReadAction","target":["https:\/\/shop.ltu.basketball\/en\/produktas\/gray-lietuva-t-shirt-p0\/"]}]},{"@type":"ImageObject","inLanguage":"en-US","@id":"https:\/\/shop.ltu.basketball\/en\/produktas\/gray-lietuva-t-shirt-p0\/#primaryimage","url":"https:\/\/shop.ltu.basketball\/wp-content\/uploads\/2021\/04\/lietuva-krist.png","contentUrl":"https:\/\/shop.ltu.basketball\/wp-content\/uploads\/2021\/04\/lietuva-krist.png","width":1500,"height":1500,"caption":"Pilki Lietuva mar\u0161kin\u0117liai. Kristumas \u017demaitis"},{"@type":"BreadcrumbList","@id":"https:\/\/shop.ltu.basketball\/en\/produktas\/gray-lietuva-t-shirt-p0\/#breadcrumb","itemListElement":[{"@type":"ListItem","position":1,"name":"Home","item":"https:\/\/shop.ltu.basketball\/en\/pagrindinis\/"},{"@type":"ListItem","position":2,"name":"Parduotuv\u0117","item":"https:\/\/shop.ltu.basketball\/parduotuve\/"},{"@type":"ListItem","position":3,"name":"Grey LIETUVA T-shirt P0"}]},{"@type":"WebSite","@id":"https:\/\/shop.ltu.basketball\/en\/#website","url":"https:\/\/shop.ltu.basketball\/en\/","name":"SHOP.LTU.BASKETBALL","description":"Oficiali Lietuvos krep\u0161inio rinktin\u0117s atributika","potentialAction":[{"@type":"SearchAction","target":{"@type":"EntryPoint","urlTemplate":"https:\/\/shop.ltu.basketball\/en\/?s={search_term_string}"},"query-input":{"@type":"PropertyValueSpecification","valueRequired":true,"valueName":"search_term_string"}}],"inLanguage":"en-US"}]}},"wcpa_form_fields":null,"_links":{"self":[{"href":"https:\/\/shop.ltu.basketball\/en\/wp-json\/wp\/v2\/product\/18740","targetHints":{"allow":["GET"]}}],"collection":[{"href":"https:\/\/shop.ltu.basketball\/en\/wp-json\/wp\/v2\/product"}],"about":[{"href":"https:\/\/shop.ltu.basketball\/en\/wp-json\/wp\/v2\/types\/product"}],"wp:featuredmedia":[{"embeddable":true,"href":"https:\/\/shop.ltu.basketball\/en\/wp-json\/wp\/v2\/media\/14624"}],"wp:attachment":[{"href":"https:\/\/shop.ltu.basketball\/en\/wp-json\/wp\/v2\/media?parent=18740"}],"wp:term":[{"taxonomy":"product_brand","embeddable":true,"href":"https:\/\/shop.ltu.basketball\/en\/wp-json\/wp\/v2\/product_brand?post=18740"},{"taxonomy":"product_cat","embeddable":true,"href":"https:\/\/shop.ltu.basketball\/en\/wp-json\/wp\/v2\/product_cat?post=18740"},{"taxonomy":"product_tag","embeddable":true,"href":"https:\/\/shop.ltu.basketball\/en\/wp-json\/wp\/v2\/product_tag?post=18740"}],"curies":[{"name":"wp","href":"https:\/\/api.w.org\/{rel}","templated":true}]}}