{"id":1435,"date":"2021-05-24T10:52:51","date_gmt":"2021-05-24T07:52:51","guid":{"rendered":"https:\/\/shop.ltu.basketball\/prekiu-krepselis\/"},"modified":"2024-11-14T16:37:49","modified_gmt":"2024-11-14T14:37:49","slug":"prekiu-krepselis","status":"publish","type":"page","link":"https:\/\/shop.ltu.basketball\/en\/prekiu-krepselis\/","title":{"rendered":"Cart"},"content":{"rendered":"\n\n\n\n<h2 style=\"margin: 16px 0\">Klientai taip pat pirko:<\/h2>\n\n<div class=\"woocommerce columns-1 \"><div class=\"products row row-small large-columns-1 medium-columns-3 small-columns-2 has-shadow row-box-shadow-2 has-equal-box-heights equalize-box\">\n<div class=\"product-small col has-hover product type-product post-18815 status-publish first instock product_cat-clothing product_cat-t-shirt product_cat-tie-dye-en has-post-thumbnail taxable shipping-taxable purchasable product-type-variable\">\n\t<div class=\"col-inner\">\n\t\n<div class=\"badge-container absolute left top z-1\">\n\n<\/div>\n\t<div class=\"product-small box \">\n\t\t<div class=\"box-image\">\n\t\t\t<div class=\"image-fade_in_back\">\n\t\t\t\t<a href=\"https:\/\/shop.ltu.basketball\/en\/produktas\/special-tie-dye-t-shirt\/\">\n\t\t\t\t\t<img loading=\"lazy\" decoding=\"async\" width=\"300\" height=\"300\" src=\"https:\/\/shop.ltu.basketball\/wp-content\/uploads\/2022\/01\/special-dmo-300x300.png\" class=\"attachment-woocommerce_thumbnail size-woocommerce_thumbnail\" alt=\"Special tie-dye marskineliai\" srcset=\"https:\/\/shop.ltu.basketball\/wp-content\/uploads\/2022\/01\/special-dmo-300x300.png 300w, https:\/\/shop.ltu.basketball\/wp-content\/uploads\/2022\/01\/special-dmo-400x400.png 400w, https:\/\/shop.ltu.basketball\/wp-content\/uploads\/2022\/01\/special-dmo-1080x1080.png 1080w, https:\/\/shop.ltu.basketball\/wp-content\/uploads\/2022\/01\/special-dmo-280x280.png 280w, https:\/\/shop.ltu.basketball\/wp-content\/uploads\/2022\/01\/special-dmo-768x768.png 768w, https:\/\/shop.ltu.basketball\/wp-content\/uploads\/2022\/01\/special-dmo-100x100.png 100w, https:\/\/shop.ltu.basketball\/wp-content\/uploads\/2022\/01\/special-dmo-50x50.png 50w, https:\/\/shop.ltu.basketball\/wp-content\/uploads\/2022\/01\/special-dmo.png 1500w\" sizes=\"auto, (max-width: 300px) 100vw, 300px\" \/><img loading=\"lazy\" decoding=\"async\" width=\"300\" height=\"300\" src=\"https:\/\/shop.ltu.basketball\/wp-content\/uploads\/2022\/01\/A16I8520-300x300.png\" class=\"show-on-hover absolute fill hide-for-small back-image\" alt=\"Alternative view of Special Tie-Dye t-shirt\" aria-hidden=\"true\" srcset=\"https:\/\/shop.ltu.basketball\/wp-content\/uploads\/2022\/01\/A16I8520-300x300.png 300w, https:\/\/shop.ltu.basketball\/wp-content\/uploads\/2022\/01\/A16I8520-280x280.png 280w, https:\/\/shop.ltu.basketball\/wp-content\/uploads\/2022\/01\/A16I8520-100x100.png 100w\" sizes=\"auto, (max-width: 300px) 100vw, 300px\" \/>\t\t\t\t<\/a>\n\t\t\t<\/div>\n\t\t\t<div class=\"image-tools is-small top right show-on-hover\">\n\t\t\t\t\t\t\t<\/div>\n\t\t\t<div class=\"image-tools is-small hide-for-small bottom left show-on-hover\">\n\t\t\t\t\t\t\t<\/div>\n\t\t\t<div class=\"image-tools grid-tools text-center hide-for-small bottom hover-slide-in show-on-hover\">\n\t\t\t\t<a href=\"#quick-view\" class=\"quick-view\" role=\"button\" data-prod=\"18815\" aria-haspopup=\"dialog\" aria-expanded=\"false\" data-flatsome-role-button>Quick View<\/a>\t\t\t<\/div>\n\t\t\t\t\t<\/div>\n\n\t\t<div class=\"box-text box-text-products text-center grid-style-2\">\n\t\t\t<div class=\"title-wrapper\">\t\t<p class=\"category uppercase is-smaller no-text-overflow product-cat op-8\">\n\t\t\tClothing\t\t<\/p>\n\t<p class=\"name product-title woocommerce-loop-product__title\"><a href=\"https:\/\/shop.ltu.basketball\/en\/produktas\/special-tie-dye-t-shirt\/\" class=\"woocommerce-LoopProduct-link woocommerce-loop-product__link\">Special Tie-Dye t-shirt<\/a><\/p><\/div><div class=\"price-wrapper\">\n\t<span class=\"price\"><span class=\"woocommerce-Price-amount amount\"><bdi>59.95&nbsp;<span class=\"woocommerce-Price-currencySymbol\">&euro;<\/span><\/bdi><\/span><\/span>\n<\/div>\t\t<\/div>\n\t<\/div>\n\t<span class=\"gtm4wp_productdata\" style=\"display:none; visibility:hidden;\" data-gtm4wp_product_data=\"{&quot;internal_id&quot;:18815,&quot;item_id&quot;:18815,&quot;item_name&quot;:&quot;Special Tie-Dye t-shirt&quot;,&quot;sku&quot;:18815,&quot;price&quot;:59.95,&quot;stocklevel&quot;:null,&quot;stockstatus&quot;:&quot;instock&quot;,&quot;google_business_vertical&quot;:&quot;retail&quot;,&quot;item_category&quot;:&quot;Clothing&quot;,&quot;id&quot;:18815,&quot;productlink&quot;:&quot;https:\\\/\\\/shop.ltu.basketball\\\/en\\\/produktas\\\/special-tie-dye-t-shirt\\\/&quot;,&quot;item_list_name&quot;:&quot;Best Selling Products&quot;,&quot;index&quot;:1,&quot;product_type&quot;:&quot;variable&quot;,&quot;item_brand&quot;:&quot;&quot;}\"><\/span>\t<\/div>\n<\/div><div class=\"product-small col has-hover product type-product post-18731 status-publish first instock product_cat-clothing product_cat-t-shirt has-post-thumbnail sale taxable shipping-taxable purchasable product-type-variable\">\n\t<div class=\"col-inner\">\n\t\n<div class=\"badge-container absolute left top z-1\">\n<div class=\"callout badge badge-circle\"><div class=\"badge-inner secondary on-sale\"><span class=\"onsale\">-50%<\/span><\/div><\/div>\n<\/div>\n\t<div class=\"product-small box \">\n\t\t<div class=\"box-image\">\n\t\t\t<div class=\"image-fade_in_back\">\n\t\t\t\t<a href=\"https:\/\/shop.ltu.basketball\/en\/produktas\/green-lietuva-t-shirt-z0\/\">\n\t\t\t\t\t<img loading=\"lazy\" decoding=\"async\" width=\"300\" height=\"300\" src=\"https:\/\/shop.ltu.basketball\/wp-content\/uploads\/2021\/04\/lietuva-ule-300x300.png\" class=\"attachment-woocommerce_thumbnail size-woocommerce_thumbnail\" alt=\"\u017dali vyri\u0161ki mar\u0161kin\u0117liai. Edgaras Ulanovas\" srcset=\"https:\/\/shop.ltu.basketball\/wp-content\/uploads\/2021\/04\/lietuva-ule-300x300.png 300w, https:\/\/shop.ltu.basketball\/wp-content\/uploads\/2021\/04\/lietuva-ule-400x400.png 400w, https:\/\/shop.ltu.basketball\/wp-content\/uploads\/2021\/04\/lietuva-ule-1080x1080.png 1080w, https:\/\/shop.ltu.basketball\/wp-content\/uploads\/2021\/04\/lietuva-ule-280x280.png 280w, https:\/\/shop.ltu.basketball\/wp-content\/uploads\/2021\/04\/lietuva-ule-768x768.png 768w, https:\/\/shop.ltu.basketball\/wp-content\/uploads\/2021\/04\/lietuva-ule-100x100.png 100w, https:\/\/shop.ltu.basketball\/wp-content\/uploads\/2021\/04\/lietuva-ule-50x50.png 50w, https:\/\/shop.ltu.basketball\/wp-content\/uploads\/2021\/04\/lietuva-ule.png 1500w\" sizes=\"auto, (max-width: 300px) 100vw, 300px\" \/>\t\t\t\t<\/a>\n\t\t\t<\/div>\n\t\t\t<div class=\"image-tools is-small top right show-on-hover\">\n\t\t\t\t\t\t\t<\/div>\n\t\t\t<div class=\"image-tools is-small hide-for-small bottom left show-on-hover\">\n\t\t\t\t\t\t\t<\/div>\n\t\t\t<div class=\"image-tools grid-tools text-center hide-for-small bottom hover-slide-in show-on-hover\">\n\t\t\t\t<a href=\"#quick-view\" class=\"quick-view\" role=\"button\" data-prod=\"18731\" aria-haspopup=\"dialog\" aria-expanded=\"false\" data-flatsome-role-button>Quick View<\/a>\t\t\t<\/div>\n\t\t\t\t\t<\/div>\n\n\t\t<div class=\"box-text box-text-products text-center grid-style-2\">\n\t\t\t<div class=\"title-wrapper\">\t\t<p class=\"category uppercase is-smaller no-text-overflow product-cat op-8\">\n\t\t\tClothing\t\t<\/p>\n\t<p class=\"name product-title woocommerce-loop-product__title\"><a href=\"https:\/\/shop.ltu.basketball\/en\/produktas\/green-lietuva-t-shirt-z0\/\" class=\"woocommerce-LoopProduct-link woocommerce-loop-product__link\">Green LIETUVA T-shirt \u017d0<\/a><\/p><\/div><div class=\"price-wrapper\">\n\t<span class=\"price\"><del aria-hidden=\"true\"><span class=\"woocommerce-Price-amount amount\"><bdi>30.00&nbsp;<span class=\"woocommerce-Price-currencySymbol\">&euro;<\/span><\/bdi><\/span><\/del> <span class=\"screen-reader-text\">Original price was: 30.00&nbsp;&euro;.<\/span><ins aria-hidden=\"true\"><span class=\"woocommerce-Price-amount amount\"><bdi>15.00&nbsp;<span class=\"woocommerce-Price-currencySymbol\">&euro;<\/span><\/bdi><\/span><\/ins><span class=\"screen-reader-text\">Current price is: 15.00&nbsp;&euro;.<\/span><\/span>\n<\/div>\t\t<\/div>\n\t<\/div>\n\t<span class=\"gtm4wp_productdata\" style=\"display:none; visibility:hidden;\" data-gtm4wp_product_data=\"{&quot;internal_id&quot;:18731,&quot;item_id&quot;:18731,&quot;item_name&quot;:&quot;Green LIETUVA T-shirt \\u017d0&quot;,&quot;sku&quot;:18731,&quot;price&quot;:15,&quot;stocklevel&quot;:null,&quot;stockstatus&quot;:&quot;instock&quot;,&quot;google_business_vertical&quot;:&quot;retail&quot;,&quot;item_category&quot;:&quot;Clothing&quot;,&quot;id&quot;:18731,&quot;productlink&quot;:&quot;https:\\\/\\\/shop.ltu.basketball\\\/en\\\/produktas\\\/green-lietuva-t-shirt-z0\\\/&quot;,&quot;item_list_name&quot;:&quot;Best Selling Products&quot;,&quot;index&quot;:2,&quot;product_type&quot;:&quot;variable&quot;,&quot;item_brand&quot;:&quot;&quot;}\"><\/span>\t<\/div>\n<\/div><div class=\"product-small col has-hover product type-product post-18894 status-publish first instock product_cat-clothing product_cat-t-shirt product_cat-tie-dye-en has-post-thumbnail taxable shipping-taxable purchasable product-type-variable\">\n\t<div class=\"col-inner\">\n\t\n<div class=\"badge-container absolute left top z-1\">\n\n<\/div>\n\t<div class=\"product-small box \">\n\t\t<div class=\"box-image\">\n\t\t\t<div class=\"image-fade_in_back\">\n\t\t\t\t<a href=\"https:\/\/shop.ltu.basketball\/en\/produktas\/green-tie-dye-t-shirt\/\">\n\t\t\t\t\t<img loading=\"lazy\" decoding=\"async\" width=\"300\" height=\"300\" src=\"https:\/\/shop.ltu.basketball\/wp-content\/uploads\/2024\/02\/Green-tie-dye-Margiris-300x300.jpg\" class=\"attachment-woocommerce_thumbnail size-woocommerce_thumbnail\" alt=\"\u017daliai balti - GREEN Tie-Dye mar\u0161kin\u0117liai - Margiris Normantas\" srcset=\"https:\/\/shop.ltu.basketball\/wp-content\/uploads\/2024\/02\/Green-tie-dye-Margiris-300x300.jpg 300w, https:\/\/shop.ltu.basketball\/wp-content\/uploads\/2024\/02\/Green-tie-dye-Margiris-400x400.jpg 400w, https:\/\/shop.ltu.basketball\/wp-content\/uploads\/2024\/02\/Green-tie-dye-Margiris-280x280.jpg 280w, https:\/\/shop.ltu.basketball\/wp-content\/uploads\/2024\/02\/Green-tie-dye-Margiris-100x100.jpg 100w, https:\/\/shop.ltu.basketball\/wp-content\/uploads\/2024\/02\/Green-tie-dye-Margiris.jpg 768w\" sizes=\"auto, (max-width: 300px) 100vw, 300px\" \/><img loading=\"lazy\" decoding=\"async\" width=\"300\" height=\"300\" src=\"https:\/\/shop.ltu.basketball\/wp-content\/uploads\/2024\/02\/Green-tie-dye-Ule1-300x300.jpg\" class=\"show-on-hover absolute fill hide-for-small back-image\" alt=\"\u017daliai balti - GREEN Tie-Dye mar\u0161kin\u0117liai - Edgaras Ulanovas\" aria-hidden=\"true\" srcset=\"https:\/\/shop.ltu.basketball\/wp-content\/uploads\/2024\/02\/Green-tie-dye-Ule1-300x300.jpg 300w, https:\/\/shop.ltu.basketball\/wp-content\/uploads\/2024\/02\/Green-tie-dye-Ule1-400x400.jpg 400w, https:\/\/shop.ltu.basketball\/wp-content\/uploads\/2024\/02\/Green-tie-dye-Ule1-280x280.jpg 280w, https:\/\/shop.ltu.basketball\/wp-content\/uploads\/2024\/02\/Green-tie-dye-Ule1-100x100.jpg 100w, https:\/\/shop.ltu.basketball\/wp-content\/uploads\/2024\/02\/Green-tie-dye-Ule1.jpg 768w\" sizes=\"auto, (max-width: 300px) 100vw, 300px\" \/>\t\t\t\t<\/a>\n\t\t\t<\/div>\n\t\t\t<div class=\"image-tools is-small top right show-on-hover\">\n\t\t\t\t\t\t\t<\/div>\n\t\t\t<div class=\"image-tools is-small hide-for-small bottom left show-on-hover\">\n\t\t\t\t\t\t\t<\/div>\n\t\t\t<div class=\"image-tools grid-tools text-center hide-for-small bottom hover-slide-in show-on-hover\">\n\t\t\t\t<a href=\"#quick-view\" class=\"quick-view\" role=\"button\" data-prod=\"18894\" aria-haspopup=\"dialog\" aria-expanded=\"false\" data-flatsome-role-button>Quick View<\/a>\t\t\t<\/div>\n\t\t\t\t\t<\/div>\n\n\t\t<div class=\"box-text box-text-products text-center grid-style-2\">\n\t\t\t<div class=\"title-wrapper\">\t\t<p class=\"category uppercase is-smaller no-text-overflow product-cat op-8\">\n\t\t\tClothing\t\t<\/p>\n\t<p class=\"name product-title woocommerce-loop-product__title\"><a href=\"https:\/\/shop.ltu.basketball\/en\/produktas\/green-tie-dye-t-shirt\/\" class=\"woocommerce-LoopProduct-link woocommerce-loop-product__link\">Green Tie-Dye T-shirt<\/a><\/p><\/div><div class=\"price-wrapper\">\n\t<span class=\"price\"><span class=\"woocommerce-Price-amount amount\"><bdi>54.95&nbsp;<span class=\"woocommerce-Price-currencySymbol\">&euro;<\/span><\/bdi><\/span><\/span>\n<\/div>\t\t<\/div>\n\t<\/div>\n\t<span class=\"gtm4wp_productdata\" style=\"display:none; visibility:hidden;\" data-gtm4wp_product_data=\"{&quot;internal_id&quot;:18894,&quot;item_id&quot;:18894,&quot;item_name&quot;:&quot;Green Tie-Dye T-shirt&quot;,&quot;sku&quot;:18894,&quot;price&quot;:54.95,&quot;stocklevel&quot;:null,&quot;stockstatus&quot;:&quot;instock&quot;,&quot;google_business_vertical&quot;:&quot;retail&quot;,&quot;item_category&quot;:&quot;Clothing&quot;,&quot;id&quot;:18894,&quot;productlink&quot;:&quot;https:\\\/\\\/shop.ltu.basketball\\\/en\\\/produktas\\\/green-tie-dye-t-shirt\\\/&quot;,&quot;item_list_name&quot;:&quot;Best Selling Products&quot;,&quot;index&quot;:3,&quot;product_type&quot;:&quot;variable&quot;,&quot;item_brand&quot;:&quot;&quot;}\"><\/span>\t<\/div>\n<\/div><div class=\"product-small col has-hover product type-product post-18722 status-publish first instock product_cat-clothing product_cat-t-shirt has-post-thumbnail sale taxable shipping-taxable purchasable product-type-variable\">\n\t<div class=\"col-inner\">\n\t\n<div class=\"badge-container absolute left top z-1\">\n<div class=\"callout badge badge-circle\"><div class=\"badge-inner secondary on-sale\"><span class=\"onsale\">-20%<\/span><\/div><\/div>\n<\/div>\n\t<div class=\"product-small box \">\n\t\t<div class=\"box-image\">\n\t\t\t<div class=\"image-fade_in_back\">\n\t\t\t\t<a href=\"https:\/\/shop.ltu.basketball\/en\/produktas\/white-lietuva-t-shirt-b0\/\">\n\t\t\t\t\t<img loading=\"lazy\" decoding=\"async\" width=\"300\" height=\"300\" src=\"https:\/\/shop.ltu.basketball\/wp-content\/uploads\/2021\/04\/lietuva-butke-300x300.png\" class=\"attachment-woocommerce_thumbnail size-woocommerce_thumbnail\" alt=\"Balti Lietuva mar\u0161kin\u0117liai. Arnas Butkevi\u010dius\" srcset=\"https:\/\/shop.ltu.basketball\/wp-content\/uploads\/2021\/04\/lietuva-butke-300x300.png 300w, https:\/\/shop.ltu.basketball\/wp-content\/uploads\/2021\/04\/lietuva-butke-400x400.png 400w, https:\/\/shop.ltu.basketball\/wp-content\/uploads\/2021\/04\/lietuva-butke-1080x1080.png 1080w, https:\/\/shop.ltu.basketball\/wp-content\/uploads\/2021\/04\/lietuva-butke-280x280.png 280w, https:\/\/shop.ltu.basketball\/wp-content\/uploads\/2021\/04\/lietuva-butke-768x768.png 768w, https:\/\/shop.ltu.basketball\/wp-content\/uploads\/2021\/04\/lietuva-butke-100x100.png 100w, https:\/\/shop.ltu.basketball\/wp-content\/uploads\/2021\/04\/lietuva-butke-50x50.png 50w, https:\/\/shop.ltu.basketball\/wp-content\/uploads\/2021\/04\/lietuva-butke.png 1500w\" sizes=\"auto, (max-width: 300px) 100vw, 300px\" \/>\t\t\t\t<\/a>\n\t\t\t<\/div>\n\t\t\t<div class=\"image-tools is-small top right show-on-hover\">\n\t\t\t\t\t\t\t<\/div>\n\t\t\t<div class=\"image-tools is-small hide-for-small bottom left show-on-hover\">\n\t\t\t\t\t\t\t<\/div>\n\t\t\t<div class=\"image-tools grid-tools text-center hide-for-small bottom hover-slide-in show-on-hover\">\n\t\t\t\t<a href=\"#quick-view\" class=\"quick-view\" role=\"button\" data-prod=\"18722\" aria-haspopup=\"dialog\" aria-expanded=\"false\" data-flatsome-role-button>Quick View<\/a>\t\t\t<\/div>\n\t\t\t\t\t<\/div>\n\n\t\t<div class=\"box-text box-text-products text-center grid-style-2\">\n\t\t\t<div class=\"title-wrapper\">\t\t<p class=\"category uppercase is-smaller no-text-overflow product-cat op-8\">\n\t\t\tClothing\t\t<\/p>\n\t<p class=\"name product-title woocommerce-loop-product__title\"><a href=\"https:\/\/shop.ltu.basketball\/en\/produktas\/white-lietuva-t-shirt-b0\/\" class=\"woocommerce-LoopProduct-link woocommerce-loop-product__link\">White LIETUVA T-shirt B0<\/a><\/p><\/div><div class=\"price-wrapper\">\n\t<span class=\"price\"><del aria-hidden=\"true\"><span class=\"woocommerce-Price-amount amount\"><bdi>30.00&nbsp;<span class=\"woocommerce-Price-currencySymbol\">&euro;<\/span><\/bdi><\/span><\/del> <span class=\"screen-reader-text\">Original price was: 30.00&nbsp;&euro;.<\/span><ins aria-hidden=\"true\"><span class=\"woocommerce-Price-amount amount\"><bdi>15.00&nbsp;<span class=\"woocommerce-Price-currencySymbol\">&euro;<\/span><\/bdi><\/span><\/ins><span class=\"screen-reader-text\">Current price is: 15.00&nbsp;&euro;.<\/span><\/span>\n<\/div>\t\t<\/div>\n\t<\/div>\n\t<span class=\"gtm4wp_productdata\" style=\"display:none; visibility:hidden;\" data-gtm4wp_product_data=\"{&quot;internal_id&quot;:18722,&quot;item_id&quot;:18722,&quot;item_name&quot;:&quot;White LIETUVA T-shirt B0&quot;,&quot;sku&quot;:18722,&quot;price&quot;:15,&quot;stocklevel&quot;:null,&quot;stockstatus&quot;:&quot;instock&quot;,&quot;google_business_vertical&quot;:&quot;retail&quot;,&quot;item_category&quot;:&quot;Clothing&quot;,&quot;id&quot;:18722,&quot;productlink&quot;:&quot;https:\\\/\\\/shop.ltu.basketball\\\/en\\\/produktas\\\/white-lietuva-t-shirt-b0\\\/&quot;,&quot;item_list_name&quot;:&quot;Best Selling Products&quot;,&quot;index&quot;:4,&quot;product_type&quot;:&quot;variable&quot;,&quot;item_brand&quot;:&quot;&quot;}\"><\/span>\t<\/div>\n<\/div><\/div><!-- row -->\n<\/div>\n\n\n","protected":false},"excerpt":{"rendered":"","protected":false},"author":1,"featured_media":0,"parent":0,"menu_order":0,"comment_status":"closed","ping_status":"closed","template":"","meta":{"_themeisle_gutenberg_block_has_review":false,"footnotes":""},"class_list":["post-1435","page","type-page","status-publish","hentry"],"yoast_head":"<!-- This site is optimized with the Yoast SEO plugin v27.3 - https:\/\/yoast.com\/product\/yoast-seo-wordpress\/ -->\n<title>Cart - SHOP.LTU.BASKETBALL<\/title>\n<meta name=\"robots\" content=\"index, follow, max-snippet:-1, max-image-preview:large, max-video-preview:-1\" \/>\n<link rel=\"canonical\" href=\"https:\/\/shop.ltu.basketball\/en\/prekiu-krepselis\/\" \/>\n<meta property=\"og:locale\" content=\"en_US\" \/>\n<meta property=\"og:type\" content=\"article\" \/>\n<meta property=\"og:title\" content=\"Cart - SHOP.LTU.BASKETBALL\" \/>\n<meta property=\"og:url\" content=\"https:\/\/shop.ltu.basketball\/en\/prekiu-krepselis\/\" \/>\n<meta property=\"og:site_name\" content=\"SHOP.LTU.BASKETBALL\" \/>\n<meta property=\"article:modified_time\" content=\"2024-11-14T14:37:49+00:00\" \/>\n<meta name=\"twitter:card\" content=\"summary_large_image\" \/>\n<script type=\"application\/ld+json\" class=\"yoast-schema-graph\">{\"@context\":\"https:\\\/\\\/schema.org\",\"@graph\":[{\"@type\":\"WebPage\",\"@id\":\"https:\\\/\\\/shop.ltu.basketball\\\/en\\\/prekiu-krepselis\\\/\",\"url\":\"https:\\\/\\\/shop.ltu.basketball\\\/en\\\/prekiu-krepselis\\\/\",\"name\":\"Cart - SHOP.LTU.BASKETBALL\",\"isPartOf\":{\"@id\":\"https:\\\/\\\/shop.ltu.basketball\\\/en\\\/#website\"},\"datePublished\":\"2021-05-24T07:52:51+00:00\",\"dateModified\":\"2024-11-14T14:37:49+00:00\",\"breadcrumb\":{\"@id\":\"https:\\\/\\\/shop.ltu.basketball\\\/en\\\/prekiu-krepselis\\\/#breadcrumb\"},\"inLanguage\":\"en-US\",\"potentialAction\":[{\"@type\":\"ReadAction\",\"target\":[\"https:\\\/\\\/shop.ltu.basketball\\\/en\\\/prekiu-krepselis\\\/\"]}]},{\"@type\":\"BreadcrumbList\",\"@id\":\"https:\\\/\\\/shop.ltu.basketball\\\/en\\\/prekiu-krepselis\\\/#breadcrumb\",\"itemListElement\":[{\"@type\":\"ListItem\",\"position\":1,\"name\":\"Home\",\"item\":\"https:\\\/\\\/shop.ltu.basketball\\\/en\\\/pagrindinis\\\/\"},{\"@type\":\"ListItem\",\"position\":2,\"name\":\"Cart\"}]},{\"@type\":\"WebSite\",\"@id\":\"https:\\\/\\\/shop.ltu.basketball\\\/en\\\/#website\",\"url\":\"https:\\\/\\\/shop.ltu.basketball\\\/en\\\/\",\"name\":\"SHOP.LTU.BASKETBALL\",\"description\":\"Oficiali Lietuvos krep\u0161inio rinktin\u0117s atributika\",\"potentialAction\":[{\"@type\":\"SearchAction\",\"target\":{\"@type\":\"EntryPoint\",\"urlTemplate\":\"https:\\\/\\\/shop.ltu.basketball\\\/en\\\/?s={search_term_string}\"},\"query-input\":{\"@type\":\"PropertyValueSpecification\",\"valueRequired\":true,\"valueName\":\"search_term_string\"}}],\"inLanguage\":\"en-US\"}]}<\/script>\n<!-- \/ Yoast SEO plugin. -->","yoast_head_json":{"title":"Cart - SHOP.LTU.BASKETBALL","robots":{"index":"index","follow":"follow","max-snippet":"max-snippet:-1","max-image-preview":"max-image-preview:large","max-video-preview":"max-video-preview:-1"},"canonical":"https:\/\/shop.ltu.basketball\/en\/prekiu-krepselis\/","og_locale":"en_US","og_type":"article","og_title":"Cart - SHOP.LTU.BASKETBALL","og_url":"https:\/\/shop.ltu.basketball\/en\/prekiu-krepselis\/","og_site_name":"SHOP.LTU.BASKETBALL","article_modified_time":"2024-11-14T14:37:49+00:00","twitter_card":"summary_large_image","schema":{"@context":"https:\/\/schema.org","@graph":[{"@type":"WebPage","@id":"https:\/\/shop.ltu.basketball\/en\/prekiu-krepselis\/","url":"https:\/\/shop.ltu.basketball\/en\/prekiu-krepselis\/","name":"Cart - SHOP.LTU.BASKETBALL","isPartOf":{"@id":"https:\/\/shop.ltu.basketball\/en\/#website"},"datePublished":"2021-05-24T07:52:51+00:00","dateModified":"2024-11-14T14:37:49+00:00","breadcrumb":{"@id":"https:\/\/shop.ltu.basketball\/en\/prekiu-krepselis\/#breadcrumb"},"inLanguage":"en-US","potentialAction":[{"@type":"ReadAction","target":["https:\/\/shop.ltu.basketball\/en\/prekiu-krepselis\/"]}]},{"@type":"BreadcrumbList","@id":"https:\/\/shop.ltu.basketball\/en\/prekiu-krepselis\/#breadcrumb","itemListElement":[{"@type":"ListItem","position":1,"name":"Home","item":"https:\/\/shop.ltu.basketball\/en\/pagrindinis\/"},{"@type":"ListItem","position":2,"name":"Cart"}]},{"@type":"WebSite","@id":"https:\/\/shop.ltu.basketball\/en\/#website","url":"https:\/\/shop.ltu.basketball\/en\/","name":"SHOP.LTU.BASKETBALL","description":"Oficiali Lietuvos krep\u0161inio rinktin\u0117s atributika","potentialAction":[{"@type":"SearchAction","target":{"@type":"EntryPoint","urlTemplate":"https:\/\/shop.ltu.basketball\/en\/?s={search_term_string}"},"query-input":{"@type":"PropertyValueSpecification","valueRequired":true,"valueName":"search_term_string"}}],"inLanguage":"en-US"}]}},"_links":{"self":[{"href":"https:\/\/shop.ltu.basketball\/en\/wp-json\/wp\/v2\/pages\/1435","targetHints":{"allow":["GET"]}}],"collection":[{"href":"https:\/\/shop.ltu.basketball\/en\/wp-json\/wp\/v2\/pages"}],"about":[{"href":"https:\/\/shop.ltu.basketball\/en\/wp-json\/wp\/v2\/types\/page"}],"author":[{"embeddable":true,"href":"https:\/\/shop.ltu.basketball\/en\/wp-json\/wp\/v2\/users\/1"}],"replies":[{"embeddable":true,"href":"https:\/\/shop.ltu.basketball\/en\/wp-json\/wp\/v2\/comments?post=1435"}],"version-history":[{"count":6,"href":"https:\/\/shop.ltu.basketball\/en\/wp-json\/wp\/v2\/pages\/1435\/revisions"}],"predecessor-version":[{"id":16570,"href":"https:\/\/shop.ltu.basketball\/en\/wp-json\/wp\/v2\/pages\/1435\/revisions\/16570"}],"wp:attachment":[{"href":"https:\/\/shop.ltu.basketball\/en\/wp-json\/wp\/v2\/media?parent=1435"}],"curies":[{"name":"wp","href":"https:\/\/api.w.org\/{rel}","templated":true}]}}